{"id":8009,"date":"2016-03-30T17:26:53","date_gmt":"2016-03-30T15:26:53","guid":{"rendered":"https:\/\/cnz.to\/vf\/?page_id=8009"},"modified":"2017-08-25T17:16:48","modified_gmt":"2017-08-25T15:16:48","slug":"calendrier-fruits-legumes-saison","status":"publish","type":"page","link":"https:\/\/cnz.to\/vf\/calendrier-fruits-legumes-saison\/","title":{"rendered":"Calendrier des fruits et l\u00e9gumes de saison"},"content":{"rendered":"<p>Cuisiner avec des <b>fruits et l\u00e9gumes de saison<\/b>, c&rsquo;est absolument essentiel si on veut pr\u00e9parer des repas savoureux, frais et sains pour sa famille et ses amis, tout en limitant ses d\u00e9penses et son empreinte carbone.<\/p>\n<p>Mais comme aujourd&rsquo;hui on trouve \u00e0 peu pr\u00e8s tout, tout le temps (merci les cultures hors-sol, les engrais p\u00e9tro-chimiques et les importations du Chili !), il est parfois difficile de savoir quels produits sont <b>vraiment en saison<\/b>, pour les privil\u00e9gier quand on <a href=\"https:\/\/cnz.to\/vf\/trucs-et-astuces\/planifier-ses-repas-conseils-et-astuces\/\">planifie ses repas<\/a> ou quand on fait ses courses.<\/p>\n<p>J&rsquo;ai donc con\u00e7u ce <a href=\"#\" class=\"manual-optin-trigger\" data-optin-slug=\"angdc1a3u1qjahcd\">calendrier des fruits et l\u00e9gumes<\/a> de saison pour que vous sachiez quoi acheter \u00e0 quel moment, mais aussi <b>combien de temps<\/b> vous pourrez les garder, pour \u00e9viter tout g\u00e2chis. Avec ces informations en t\u00eate, vous pourrez panacher dans votre panier hebdomadaire les produits fragiles qu&rsquo;il faut manger dans les deux ou trois jours, avec ceux plus robustes qui patienteront jusqu&rsquo;\u00e0 la fin de la semaine.<\/p>\n<p>Pour t\u00e9l\u00e9charger votre calendrier des fruits et l\u00e9gumes gratuitement, cliquez l&rsquo;image ci-dessous&nbsp;!<\/p>\n<p><a href=\"#\" class=\"manual-optin-trigger\" data-optin-slug=\"angdc1a3u1qjahcd\"><img loading=\"lazy\" src=\"https:\/\/cnz.to\/vf\/wp-content\/uploads\/2016\/03\/seasonal_produce_vf.jpg\" alt=\"Calendrier des fruits et l\u00e9gumes de saison\" width=\"760\" height=\"333\" style=\"width:100%\" class=\"aligncenter size-full wp-image-8093\" srcset=\"https:\/\/cnz.to\/vf\/wp-content\/uploads\/2016\/03\/seasonal_produce_vf.jpg 760w, https:\/\/cnz.to\/vf\/wp-content\/uploads\/2016\/03\/seasonal_produce_vf-300x131.jpg 300w\" sizes=\"(max-width: 760px) 100vw, 760px\" \/><\/a><\/p>\n","protected":false},"excerpt":{"rendered":"<p>Cuisiner avec des fruits et l\u00e9gumes de saison, c&rsquo;est absolument essentiel si on veut pr\u00e9parer des repas savoureux, frais et [&hellip;]<\/p>\n","protected":false},"author":2,"featured_media":0,"parent":0,"menu_order":0,"comment_status":"closed","ping_status":"closed","template":"","meta":{"om_disable_all_campaigns":false,"_mi_skip_tracking":false},"acf":[],"yoast_head":"<!-- This site is optimized with the Yoast SEO plugin v19.10 - https:\/\/yoast.com\/wordpress\/plugins\/seo\/ -->\n<title>Calendrier des fruits et l\u00e9gumes de saison | Chocolate &amp; Zucchini<\/title>\n<meta name=\"description\" content=\"Joli, complet et pratique, mon calendrier des fruits et l\u00e9gumes de saison vous indique aussi combien de temps garder les produits pour \u00e9viter tout g\u00e2chis !\" \/>\n<meta name=\"robots\" content=\"index, follow, max-snippet:-1, max-image-preview:large, max-video-preview:-1\" \/>\n<link rel=\"canonical\" href=\"https:\/\/cnz.to\/vf\/calendrier-fruits-legumes-saison\/\" \/>\n<meta property=\"og:locale\" content=\"fr_FR\" \/>\n<meta property=\"og:type\" content=\"article\" \/>\n<meta property=\"og:title\" content=\"Calendrier des fruits et l\u00e9gumes de saison | Chocolate &amp; Zucchini\" \/>\n<meta property=\"og:description\" content=\"Joli, complet et pratique, mon calendrier des fruits et l\u00e9gumes de saison vous indique aussi combien de temps garder les produits pour \u00e9viter tout g\u00e2chis !\" \/>\n<meta property=\"og:url\" content=\"https:\/\/cnz.to\/vf\/calendrier-fruits-legumes-saison\/\" \/>\n<meta property=\"og:site_name\" content=\"Chocolate &amp; Zucchini\" \/>\n<meta property=\"article:publisher\" content=\"https:\/\/www.facebook.com\/choczuc\/\" \/>\n<meta property=\"article:modified_time\" content=\"2017-08-25T15:16:48+00:00\" \/>\n<meta property=\"og:image\" content=\"https:\/\/cnz.to\/vf\/wp-content\/uploads\/2016\/03\/seasonal_produce_vf.jpg\" \/>\n<meta name=\"twitter:card\" content=\"summary_large_image\" \/>\n<meta name=\"twitter:site\" content=\"@clotildenet\" \/>\n<meta name=\"twitter:label1\" content=\"Est. reading time\" \/>\n\t<meta name=\"twitter:data1\" content=\"1 minute\" \/>\n<script type=\"application\/ld+json\" class=\"yoast-schema-graph\">{\"@context\":\"https:\/\/schema.org\",\"@graph\":[{\"@type\":\"WebPage\",\"@id\":\"https:\/\/cnz.to\/vf\/calendrier-fruits-legumes-saison\/\",\"url\":\"https:\/\/cnz.to\/vf\/calendrier-fruits-legumes-saison\/\",\"name\":\"Calendrier des fruits et l\u00e9gumes de saison | Chocolate &amp; Zucchini\",\"isPartOf\":{\"@id\":\"https:\/\/cnz.to\/vf\/#website\"},\"datePublished\":\"2016-03-30T15:26:53+00:00\",\"dateModified\":\"2017-08-25T15:16:48+00:00\",\"description\":\"Joli, complet et pratique, mon calendrier des fruits et l\u00e9gumes de saison vous indique aussi combien de temps garder les produits pour \u00e9viter tout g\u00e2chis !\",\"breadcrumb\":{\"@id\":\"https:\/\/cnz.to\/vf\/calendrier-fruits-legumes-saison\/#breadcrumb\"},\"inLanguage\":\"fr-FR\",\"potentialAction\":[{\"@type\":\"ReadAction\",\"target\":[\"https:\/\/cnz.to\/vf\/calendrier-fruits-legumes-saison\/\"]}]},{\"@type\":\"BreadcrumbList\",\"@id\":\"https:\/\/cnz.to\/vf\/calendrier-fruits-legumes-saison\/#breadcrumb\",\"itemListElement\":[{\"@type\":\"ListItem\",\"position\":1,\"name\":\"Home\",\"item\":\"https:\/\/cnz.to\/vf\/\"},{\"@type\":\"ListItem\",\"position\":2,\"name\":\"Calendrier des fruits et l\u00e9gumes de saison\"}]},{\"@type\":\"WebSite\",\"@id\":\"https:\/\/cnz.to\/vf\/#website\",\"url\":\"https:\/\/cnz.to\/vf\/\",\"name\":\"Chocolate &amp; Zucchini\",\"description\":\"Recettes simples et astucieuses au fil des saisons\",\"potentialAction\":[{\"@type\":\"SearchAction\",\"target\":{\"@type\":\"EntryPoint\",\"urlTemplate\":\"https:\/\/cnz.to\/vf\/?s={search_term_string}\"},\"query-input\":\"required name=search_term_string\"}],\"inLanguage\":\"fr-FR\"}]}<\/script>\n<!-- \/ Yoast SEO plugin. -->","yoast_head_json":{"title":"Calendrier des fruits et l\u00e9gumes de saison | Chocolate &amp; Zucchini","description":"Joli, complet et pratique, mon calendrier des fruits et l\u00e9gumes de saison vous indique aussi combien de temps garder les produits pour \u00e9viter tout g\u00e2chis !","robots":{"index":"index","follow":"follow","max-snippet":"max-snippet:-1","max-image-preview":"max-image-preview:large","max-video-preview":"max-video-preview:-1"},"canonical":"https:\/\/cnz.to\/vf\/calendrier-fruits-legumes-saison\/","og_locale":"fr_FR","og_type":"article","og_title":"Calendrier des fruits et l\u00e9gumes de saison | Chocolate &amp; Zucchini","og_description":"Joli, complet et pratique, mon calendrier des fruits et l\u00e9gumes de saison vous indique aussi combien de temps garder les produits pour \u00e9viter tout g\u00e2chis !","og_url":"https:\/\/cnz.to\/vf\/calendrier-fruits-legumes-saison\/","og_site_name":"Chocolate &amp; Zucchini","article_publisher":"https:\/\/www.facebook.com\/choczuc\/","article_modified_time":"2017-08-25T15:16:48+00:00","og_image":[{"url":"https:\/\/cnz.to\/vf\/wp-content\/uploads\/2016\/03\/seasonal_produce_vf.jpg"}],"twitter_card":"summary_large_image","twitter_site":"@clotildenet","twitter_misc":{"Est. reading time":"1 minute"},"schema":{"@context":"https:\/\/schema.org","@graph":[{"@type":"WebPage","@id":"https:\/\/cnz.to\/vf\/calendrier-fruits-legumes-saison\/","url":"https:\/\/cnz.to\/vf\/calendrier-fruits-legumes-saison\/","name":"Calendrier des fruits et l\u00e9gumes de saison | Chocolate &amp; Zucchini","isPartOf":{"@id":"https:\/\/cnz.to\/vf\/#website"},"datePublished":"2016-03-30T15:26:53+00:00","dateModified":"2017-08-25T15:16:48+00:00","description":"Joli, complet et pratique, mon calendrier des fruits et l\u00e9gumes de saison vous indique aussi combien de temps garder les produits pour \u00e9viter tout g\u00e2chis !","breadcrumb":{"@id":"https:\/\/cnz.to\/vf\/calendrier-fruits-legumes-saison\/#breadcrumb"},"inLanguage":"fr-FR","potentialAction":[{"@type":"ReadAction","target":["https:\/\/cnz.to\/vf\/calendrier-fruits-legumes-saison\/"]}]},{"@type":"BreadcrumbList","@id":"https:\/\/cnz.to\/vf\/calendrier-fruits-legumes-saison\/#breadcrumb","itemListElement":[{"@type":"ListItem","position":1,"name":"Home","item":"https:\/\/cnz.to\/vf\/"},{"@type":"ListItem","position":2,"name":"Calendrier des fruits et l\u00e9gumes de saison"}]},{"@type":"WebSite","@id":"https:\/\/cnz.to\/vf\/#website","url":"https:\/\/cnz.to\/vf\/","name":"Chocolate &amp; Zucchini","description":"Recettes simples et astucieuses au fil des saisons","potentialAction":[{"@type":"SearchAction","target":{"@type":"EntryPoint","urlTemplate":"https:\/\/cnz.to\/vf\/?s={search_term_string}"},"query-input":"required name=search_term_string"}],"inLanguage":"fr-FR"}]}},"_links":{"self":[{"href":"https:\/\/cnz.to\/vf\/wp-json\/wp\/v2\/pages\/8009"}],"collection":[{"href":"https:\/\/cnz.to\/vf\/wp-json\/wp\/v2\/pages"}],"about":[{"href":"https:\/\/cnz.to\/vf\/wp-json\/wp\/v2\/types\/page"}],"author":[{"embeddable":true,"href":"https:\/\/cnz.to\/vf\/wp-json\/wp\/v2\/users\/2"}],"replies":[{"embeddable":true,"href":"https:\/\/cnz.to\/vf\/wp-json\/wp\/v2\/comments?post=8009"}],"version-history":[{"count":12,"href":"https:\/\/cnz.to\/vf\/wp-json\/wp\/v2\/pages\/8009\/revisions"}],"predecessor-version":[{"id":10518,"href":"https:\/\/cnz.to\/vf\/wp-json\/wp\/v2\/pages\/8009\/revisions\/10518"}],"wp:attachment":[{"href":"https:\/\/cnz.to\/vf\/wp-json\/wp\/v2\/media?parent=8009"}],"curies":[{"name":"wp","href":"https:\/\/api.w.org\/{rel}","templated":true}]}}