{"id":8,"date":"2013-09-30T02:51:38","date_gmt":"2013-09-30T02:51:38","guid":{"rendered":"https:\/\/cnz.to\/vf\/?page_id=8"},"modified":"2015-11-23T14:54:02","modified_gmt":"2015-11-23T13:54:02","slug":"livres","status":"publish","type":"page","link":"https:\/\/cnz.to\/vf\/livres\/","title":{"rendered":"Livres"},"content":{"rendered":"<div class=\"booktabs\">\r\n\t<a class=\"btn btn-green\" href=\"https:\/\/cnz.to\/book-events\/\">Ev\u00e9nements et signatures<\/a><a class=\"btn btn-brown\" href=\"https:\/\/cnz.to\/vf\/ex-libris-dedicaces\/\">Ex-libris d\u00e9dicac\u00e9s<\/a><\/div>\r\n<div class=\"bookslist\">\r\n\t\t<div class=\"bookslist-book\">\r\n\t\t<div class=\"book-left\">\r\n\t\t\t\t\t\t<div class=\"book-cover\"><a href=\"http:\/\/geni.us\/cnzll\"><img width=\"190\" height=\"246\" src=\"https:\/\/cnz.to\/vf\/wp-content\/uploads\/2016\/10\/cnz_lelivre_cover_190-190x246.jpeg\" class=\"attachment-190x246 size-190x246\" alt=\"Chocolate &amp; Zucchini : Le Livre\" loading=\"lazy\" data-pin-nopin=\"true\" srcset=\"https:\/\/cnz.to\/vf\/wp-content\/uploads\/2016\/10\/cnz_lelivre_cover_190-190x246.jpeg 190w, https:\/\/cnz.to\/vf\/wp-content\/uploads\/2016\/10\/cnz_lelivre_cover_190-232x300.jpeg 232w, https:\/\/cnz.to\/vf\/wp-content\/uploads\/2016\/10\/cnz_lelivre_cover_190.jpeg 380w\" sizes=\"(max-width: 190px) 100vw, 190px\" \/><\/a><\/div>\r\n\r\n\t\t\t<div class=\"book-buttons\">\r\n\t\t\t<div class=\"book-buttons-a\">\r\n\t\t\t\t\t\t\t\t<div class=\"book-button\"><a class=\"colorbox \" href=\"#buy-popup-8521\">Acheter<\/a><\/div>\r\n\t\t\t\t\t\t\t\t<div class=\"book-button book-button-brown\"><a href=\"https:\/\/cnz.to\/vf\/books\/chocolate-zucchini-le-livre\/\">More<\/a><\/div>\r\n\t\t\t<\/div>\r\n\t\t\t<\/div>\r\n\t\t<\/div>\r\n\t\t<div class=\"book-right\">\r\n\t\t\t<h2><a href=\"https:\/\/cnz.to\/vf\/books\/chocolate-zucchini-le-livre\/\">Chocolate &#038; Zucchini : Le Livre<\/a><\/h2>\r\n\t\t\t<p class=\"tagline\">Mon premier livre, 75 recettes cultes et in\u00e9dites, enfin r\u00e9\u00e9dit\u00e9es au format e-book<\/p>\t\t\t\t\t<\/div>\r\n\t\t<div class=\"clear\"><\/div>\r\n\t<\/div>\r\n\t\t<div class=\"bookslist-book\">\r\n\t\t<div class=\"book-left\">\r\n\t\t\t\t\t\t<div class=\"book-cover\"><a href=\"http:\/\/www.amazon.fr\/dp\/2012318398?tag=chocolzucchi-21\"><img width=\"190\" height=\"246\" src=\"https:\/\/cnz.to\/vf\/wp-content\/uploads\/2015\/01\/veggivore190x246-190x246.jpg\" class=\"attachment-190x246 size-190x246\" alt=\"\" loading=\"lazy\" data-pin-nopin=\"true\" \/><\/a><\/div>\r\n\r\n\t\t\t<div class=\"book-buttons\">\r\n\t\t\t<div class=\"book-buttons-a\">\r\n\t\t\t\t\t\t\t\t<div class=\"book-button\"><a class=\"colorbox \" href=\"#buy-popup-6055\">Acheter<\/a><\/div>\r\n\t\t\t\t\t\t\t\t<div class=\"book-button book-button-brown\"><a href=\"https:\/\/cnz.to\/vf\/books\/veggivore\/\">More<\/a><\/div>\r\n\t\t\t<\/div>\r\n\t\t\t<\/div>\r\n\t\t<\/div>\r\n\t\t<div class=\"book-right\">\r\n\t\t\t<h2><a href=\"https:\/\/cnz.to\/vf\/books\/veggivore\/\">Veggivore<\/a><\/h2>\r\n\t\t\t<p class=\"tagline\">85 recettes simples et originales pour cuisiner au rythme des saisons<\/p>\t\t\t\t\t<\/div>\r\n\t\t<div class=\"clear\"><\/div>\r\n\t<\/div>\r\n\t\t<div class=\"bookslist-book\">\r\n\t\t<div class=\"book-left\">\r\n\t\t\t\t\t\t<div class=\"book-cover\"><a href=\"http:\/\/www.amazon.fr\/dp\/0307984826?tag=chocolzucchi-21\"><img width=\"190\" height=\"246\" src=\"https:\/\/cnz.to\/vf\/wp-content\/uploads\/2013\/10\/sample-book-large-190x246.jpg\" class=\"attachment-190x246 size-190x246\" alt=\"\" loading=\"lazy\" data-pin-nopin=\"true\" \/><\/a><\/div>\r\n\r\n\t\t\t<div class=\"book-buttons\">\r\n\t\t\t<div class=\"book-buttons-a\">\r\n\t\t\t\t\t\t\t\t<div class=\"book-button\"><a class=\"\" onclick='javascript:_gaq.push([\"_trackEvent\",\"Book-FR\",\"The French Market Cookbook: Vegetarian Recipes from My Parisian Kitchen\",\"Amazon France\"]);return true;' href=\"http:\/\/www.amazon.fr\/dp\/0307984826?tag=chocolzucchi-21\">Acheter<\/a><\/div>\r\n\t\t\t\t\t\t\t\t<div class=\"book-button book-button-brown\"><a href=\"https:\/\/cnz.to\/vf\/books\/french-market-cookbook-vegetarian-recipes-parisian-kitchen\/\">More<\/a><\/div>\r\n\t\t\t<\/div>\r\n\t\t\t<\/div>\r\n\t\t<\/div>\r\n\t\t<div class=\"book-right\">\r\n\t\t\t<h2><a href=\"https:\/\/cnz.to\/vf\/books\/french-market-cookbook-vegetarian-recipes-parisian-kitchen\/\">The French Market Cookbook: Vegetarian Recipes from My Parisian Kitchen<\/a><\/h2>\r\n\t\t\t<p class=\"tagline\">Mon livre sur la cuisine des l\u00e9gumes (en anglais)<\/p>\t\t\t\t\t<\/div>\r\n\t\t<div class=\"clear\"><\/div>\r\n\t<\/div>\r\n\t\t<div class=\"bookslist-book\">\r\n\t\t<div class=\"book-left\">\r\n\t\t\t\t\t\t<div class=\"book-cover\"><a href=\"http:\/\/www.amazon.fr\/dp\/0399169849?tag=chocolzucchi-21\"><img width=\"190\" height=\"246\" src=\"https:\/\/cnz.to\/vf\/wp-content\/uploads\/2014\/04\/EdibleFrench_190x246-190x246.jpg\" class=\"attachment-190x246 size-190x246\" alt=\"\" loading=\"lazy\" data-pin-nopin=\"true\" \/><\/a><\/div>\r\n\r\n\t\t\t<div class=\"book-buttons\">\r\n\t\t\t<div class=\"book-buttons-a\">\r\n\t\t\t\t\t\t\t\t<div class=\"book-button\"><a class=\"\" onclick='javascript:_gaq.push([\"_trackEvent\",\"Book-FR\",\"Edible French: Tasty Expressions and Cultural Bites\",\"Amazon France\"]);return true;' href=\"http:\/\/www.amazon.fr\/dp\/0399169849?tag=chocolzucchi-21\">Acheter<\/a><\/div>\r\n\t\t\t\t\t\t\t\t<div class=\"book-button book-button-brown\"><a href=\"https:\/\/cnz.to\/vf\/books\/edible-french-tasty-expressions-and-cultural-bites\/\">More<\/a><\/div>\r\n\t\t\t<\/div>\r\n\t\t\t<\/div>\r\n\t\t<\/div>\r\n\t\t<div class=\"book-right\">\r\n\t\t\t<h2><a href=\"https:\/\/cnz.to\/vf\/books\/edible-french-tasty-expressions-and-cultural-bites\/\">Edible French: Tasty Expressions and Cultural Bites<\/a><\/h2>\r\n\t\t\t<p class=\"tagline\">Un livre sur les expressions imag\u00e9es li\u00e9es \u00e0 la cuisine<\/p>\t\t\t\t\t<\/div>\r\n\t\t<div class=\"clear\"><\/div>\r\n\t<\/div>\r\n\t\t<div class=\"bookslist-book\">\r\n\t\t<div class=\"book-left\">\r\n\t\t\t\t\t\t<div class=\"book-cover\"><a href=\"http:\/\/www.amazon.fr\/dp\/0767926137?tag=chocolzucchi-21\"><img width=\"190\" height=\"246\" src=\"https:\/\/cnz.to\/vf\/wp-content\/uploads\/2013\/10\/clotildes-edible-adventures-in-paris-190x246.jpg\" class=\"attachment-190x246 size-190x246\" alt=\"\" loading=\"lazy\" data-pin-nopin=\"true\" \/><\/a><\/div>\r\n\r\n\t\t\t<div class=\"book-buttons\">\r\n\t\t\t<div class=\"book-buttons-a\">\r\n\t\t\t\t\t\t\t\t<div class=\"book-button\"><a class=\"\" onclick='javascript:_gaq.push([\"_trackEvent\",\"Book-FR\",\"Clotilde&rsquo;s Edible Adventures in Paris\",\"Amazon France\"]);return true;' href=\"http:\/\/www.amazon.fr\/dp\/0767926137?tag=chocolzucchi-21\">Acheter<\/a><\/div>\r\n\t\t\t\t\t\t\t\t<div class=\"book-button book-button-brown\"><a href=\"https:\/\/cnz.to\/vf\/books\/clotildes-edible-adventures-paris\/\">More<\/a><\/div>\r\n\t\t\t<\/div>\r\n\t\t\t<\/div>\r\n\t\t<\/div>\r\n\t\t<div class=\"book-right\">\r\n\t\t\t<h2><a href=\"https:\/\/cnz.to\/vf\/books\/clotildes-edible-adventures-paris\/\">Clotilde&rsquo;s Edible Adventures in Paris<\/a><\/h2>\r\n\t\t\t<p class=\"tagline\">Mon guide du Paris gourmand, avec mes restaurants et commerces de bouche pr\u00e9f\u00e9r\u00e9s<\/p>\t\t\t\t\t<\/div>\r\n\t\t<div class=\"clear\"><\/div>\r\n\t<\/div>\r\n\t\t<div class=\"bookslist-book\">\r\n\t\t<div class=\"book-left\">\r\n\t\t\t\t\t\t<div class=\"book-cover\"><a href=\"http:\/\/www.amazon.fr\/dp\/0767923839?tag=chocolzucchi-21\"><img width=\"190\" height=\"246\" src=\"https:\/\/cnz.to\/vf\/wp-content\/uploads\/2013\/10\/chocolate-and-zucchini-2-190x246.jpg\" class=\"attachment-190x246 size-190x246\" alt=\"\" loading=\"lazy\" data-pin-nopin=\"true\" \/><\/a><\/div>\r\n\r\n\t\t\t<div class=\"book-buttons\">\r\n\t\t\t<div class=\"book-buttons-a\">\r\n\t\t\t\t\t\t\t\t<div class=\"book-button\"><a class=\"\" onclick='javascript:_gaq.push([\"_trackEvent\",\"Book-FR\",\"Chocolate &#038; Zucchini: Daily Adventures in a Parisian Kitchen\",\"Amazon France\"]);return true;' href=\"http:\/\/www.amazon.fr\/dp\/0767923839?tag=chocolzucchi-21\">Acheter<\/a><\/div>\r\n\t\t\t\t\t\t\t\t<div class=\"book-button book-button-brown\"><a href=\"https:\/\/cnz.to\/vf\/books\/chocolate-zucchini-daily-adventures-parisian-kitchen\/\">More<\/a><\/div>\r\n\t\t\t<\/div>\r\n\t\t\t<\/div>\r\n\t\t<\/div>\r\n\t\t<div class=\"book-right\">\r\n\t\t\t<h2><a href=\"https:\/\/cnz.to\/vf\/books\/chocolate-zucchini-daily-adventures-parisian-kitchen\/\">Chocolate &#038; Zucchini: Daily Adventures in a Parisian Kitchen<\/a><\/h2>\r\n\t\t\t<p class=\"tagline\">Mon premier livre de recettes (\u00e9dition am\u00e9ricaine)<\/p>\t\t\t\t\t<\/div>\r\n\t\t<div class=\"clear\"><\/div>\r\n\t<\/div>\r\n\t\t<div class=\"bookslist-book\">\r\n\t\t<div class=\"book-left\">\r\n\t\t\t\t\t\t<div class=\"book-cover\"><a href=\"http:\/\/www.amazon.fr\/dp\/071485736X?tag=chocolzucchi-21\"><img width=\"190\" height=\"246\" src=\"https:\/\/cnz.to\/vf\/wp-content\/uploads\/2013\/10\/france_cookbook-190x246.jpg\" class=\"attachment-190x246 size-190x246\" alt=\"\" loading=\"lazy\" data-pin-nopin=\"true\" \/><\/a><\/div>\r\n\r\n\t\t\t<div class=\"book-buttons\">\r\n\t\t\t<div class=\"book-buttons-a\">\r\n\t\t\t\t\t\t\t\t<div class=\"book-button\"><a class=\"\" onclick='javascript:_gaq.push([\"_trackEvent\",\"Book-FR\",\"France: The Cookbook, by Ginette Mathiot\",\"Amazon France\"]);return true;' href=\"http:\/\/www.amazon.fr\/dp\/071485736X?tag=chocolzucchi-21\">Acheter<\/a><\/div>\r\n\t\t\t\t\t\t\t\t<div class=\"book-button book-button-brown\"><a href=\"https:\/\/cnz.to\/vf\/books\/know-cook-ginette-mathiot\/\">More<\/a><\/div>\r\n\t\t\t<\/div>\r\n\t\t\t<\/div>\r\n\t\t<\/div>\r\n\t\t<div class=\"book-right\">\r\n\t\t\t<h2><a href=\"https:\/\/cnz.to\/vf\/books\/know-cook-ginette-mathiot\/\">France: The Cookbook, by Ginette Mathiot<\/a><\/h2>\r\n\t\t\t<p class=\"tagline\">La r\u00e9\u00e9dition en anglais du \"Je Sais Cuisiner\" de Ginette Mathiot<\/p>\t\t\t\t\t<\/div>\r\n\t\t<div class=\"clear\"><\/div>\r\n\t<\/div>\r\n\t\t<div class=\"bookslist-book\">\r\n\t\t<div class=\"book-left\">\r\n\t\t\t\t\t\t<div class=\"book-cover\"><a href=\"http:\/\/www.amazon.fr\/dp\/0714862576?tag=chocolzucchi-21\"><img width=\"190\" height=\"246\" src=\"https:\/\/cnz.to\/vf\/wp-content\/uploads\/2013\/10\/the-art-of-french-baking-190x246.jpg\" class=\"attachment-190x246 size-190x246\" alt=\"\" loading=\"lazy\" data-pin-nopin=\"true\" \/><\/a><\/div>\r\n\r\n\t\t\t<div class=\"book-buttons\">\r\n\t\t\t<div class=\"book-buttons-a\">\r\n\t\t\t\t\t\t\t\t<div class=\"book-button\"><a class=\"\" onclick='javascript:_gaq.push([\"_trackEvent\",\"Book-FR\",\"The Art of French Baking, by Ginette Mathiot\",\"Amazon France\"]);return true;' href=\"http:\/\/www.amazon.fr\/dp\/0714862576?tag=chocolzucchi-21\">Acheter<\/a><\/div>\r\n\t\t\t\t\t\t\t\t<div class=\"book-button book-button-brown\"><a href=\"https:\/\/cnz.to\/vf\/books\/art-french-baking-ginette-mathiot\/\">More<\/a><\/div>\r\n\t\t\t<\/div>\r\n\t\t\t<\/div>\r\n\t\t<\/div>\r\n\t\t<div class=\"book-right\">\r\n\t\t\t<h2><a href=\"https:\/\/cnz.to\/vf\/books\/art-french-baking-ginette-mathiot\/\">The Art of French Baking, by Ginette Mathiot<\/a><\/h2>\r\n\t\t\t<p class=\"tagline\">La r\u00e9\u00e9dition en anglais du \"Je Sais Faire La P\u00e2tisserie\" de Ginette Mathiot<\/p>\t\t\t\t\t<\/div>\r\n\t\t<div class=\"clear\"><\/div>\r\n\t<\/div>\r\n\t\t<div class=\"bookslist-book\">\r\n\t\t<div class=\"book-left\">\r\n\t\t\t\t\t\t<div class=\"book-cover\"><a href=\"http:\/\/www.amazon.fr\/dp\/071486952X?tag=chocolzucchi-21\"><img width=\"190\" height=\"246\" src=\"https:\/\/cnz.to\/vf\/wp-content\/uploads\/2016\/07\/preserving-190x246.jpg\" class=\"attachment-190x246 size-190x246\" alt=\"\" loading=\"lazy\" data-pin-nopin=\"true\" \/><\/a><\/div>\r\n\r\n\t\t\t<div class=\"book-buttons\">\r\n\t\t\t<div class=\"book-buttons-a\">\r\n\t\t\t\t\t\t\t\t<div class=\"book-button\"><a class=\"\" onclick='javascript:_gaq.push([\"_trackEvent\",\"Book-FR\",\"Preserving, by Ginette Mathiot\",\"Amazon France\"]);return true;' href=\"http:\/\/www.amazon.fr\/dp\/071486952X?tag=chocolzucchi-21\">Acheter<\/a><\/div>\r\n\t\t\t\t\t\t\t\t<div class=\"book-button book-button-brown\"><a href=\"https:\/\/cnz.to\/vf\/books\/preserving-ginette-mathiot\/\">More<\/a><\/div>\r\n\t\t\t<\/div>\r\n\t\t\t<\/div>\r\n\t\t<\/div>\r\n\t\t<div class=\"book-right\">\r\n\t\t\t<h2><a href=\"https:\/\/cnz.to\/vf\/books\/preserving-ginette-mathiot\/\">Preserving, by Ginette Mathiot<\/a><\/h2>\r\n\t\t\t<p class=\"tagline\">La r\u00e9\u00e9dition en anglais du \"Je Sais Faire les Conserves\" de Ginette Mathiot<\/p>\t\t\t\t\t<\/div>\r\n\t\t<div class=\"clear\"><\/div>\r\n\t<\/div>\r\n\t<\/div>\r\n\n","protected":false},"excerpt":{"rendered":"","protected":false},"author":1,"featured_media":0,"parent":0,"menu_order":0,"comment_status":"open","ping_status":"open","template":"","meta":{"om_disable_all_campaigns":false,"_mi_skip_tracking":false},"acf":[],"yoast_head":"<!-- This site is optimized with the Yoast SEO plugin v19.10 - https:\/\/yoast.com\/wordpress\/plugins\/seo\/ -->\n<title>Livres | Chocolate &amp; Zucchini<\/title>\n<meta name=\"description\" content=\"D\u00e9couvrez les livres de Clotilde Dusoulier, cr\u00e9atrice du blog culinaire Chocolate &amp; Zucchini et auteur de plusieurs livres de cuisine.\" \/>\n<meta name=\"robots\" content=\"index, follow, max-snippet:-1, max-image-preview:large, max-video-preview:-1\" \/>\n<link rel=\"canonical\" href=\"https:\/\/cnz.to\/vf\/livres\/\" \/>\n<meta property=\"og:locale\" content=\"fr_FR\" \/>\n<meta property=\"og:type\" content=\"article\" \/>\n<meta property=\"og:title\" content=\"Livres | Chocolate &amp; Zucchini\" \/>\n<meta property=\"og:description\" content=\"D\u00e9couvrez les livres de Clotilde Dusoulier, cr\u00e9atrice du blog culinaire Chocolate &amp; Zucchini et auteur de plusieurs livres de cuisine.\" \/>\n<meta property=\"og:url\" content=\"https:\/\/cnz.to\/vf\/livres\/\" \/>\n<meta property=\"og:site_name\" content=\"Chocolate &amp; Zucchini\" \/>\n<meta property=\"article:publisher\" content=\"https:\/\/www.facebook.com\/choczuc\/\" \/>\n<meta property=\"article:modified_time\" content=\"2015-11-23T13:54:02+00:00\" \/>\n<meta property=\"og:image\" content=\"https:\/\/cnz.to\/vf\/wp-content\/uploads\/2015\/11\/brocoli.jpg\" \/>\n\t<meta property=\"og:image:width\" content=\"427\" \/>\n\t<meta property=\"og:image:height\" content=\"640\" \/>\n\t<meta property=\"og:image:type\" content=\"image\/jpeg\" \/>\n<meta name=\"twitter:card\" content=\"summary_large_image\" \/>\n<meta name=\"twitter:site\" content=\"@clotildenet\" \/>\n<script type=\"application\/ld+json\" class=\"yoast-schema-graph\">{\"@context\":\"https:\/\/schema.org\",\"@graph\":[{\"@type\":\"WebPage\",\"@id\":\"https:\/\/cnz.to\/vf\/livres\/\",\"url\":\"https:\/\/cnz.to\/vf\/livres\/\",\"name\":\"Livres | Chocolate &amp; Zucchini\",\"isPartOf\":{\"@id\":\"https:\/\/cnz.to\/vf\/#website\"},\"datePublished\":\"2013-09-30T02:51:38+00:00\",\"dateModified\":\"2015-11-23T13:54:02+00:00\",\"description\":\"D\u00e9couvrez les livres de Clotilde Dusoulier, cr\u00e9atrice du blog culinaire Chocolate & Zucchini et auteur de plusieurs livres de cuisine.\",\"breadcrumb\":{\"@id\":\"https:\/\/cnz.to\/vf\/livres\/#breadcrumb\"},\"inLanguage\":\"fr-FR\",\"potentialAction\":[{\"@type\":\"ReadAction\",\"target\":[\"https:\/\/cnz.to\/vf\/livres\/\"]}]},{\"@type\":\"BreadcrumbList\",\"@id\":\"https:\/\/cnz.to\/vf\/livres\/#breadcrumb\",\"itemListElement\":[{\"@type\":\"ListItem\",\"position\":1,\"name\":\"Home\",\"item\":\"https:\/\/cnz.to\/vf\/\"},{\"@type\":\"ListItem\",\"position\":2,\"name\":\"Livres\"}]},{\"@type\":\"WebSite\",\"@id\":\"https:\/\/cnz.to\/vf\/#website\",\"url\":\"https:\/\/cnz.to\/vf\/\",\"name\":\"Chocolate &amp; Zucchini\",\"description\":\"Recettes simples et astucieuses au fil des saisons\",\"potentialAction\":[{\"@type\":\"SearchAction\",\"target\":{\"@type\":\"EntryPoint\",\"urlTemplate\":\"https:\/\/cnz.to\/vf\/?s={search_term_string}\"},\"query-input\":\"required name=search_term_string\"}],\"inLanguage\":\"fr-FR\"}]}<\/script>\n<!-- \/ Yoast SEO plugin. -->","yoast_head_json":{"title":"Livres | Chocolate &amp; Zucchini","description":"D\u00e9couvrez les livres de Clotilde Dusoulier, cr\u00e9atrice du blog culinaire Chocolate & Zucchini et auteur de plusieurs livres de cuisine.","robots":{"index":"index","follow":"follow","max-snippet":"max-snippet:-1","max-image-preview":"max-image-preview:large","max-video-preview":"max-video-preview:-1"},"canonical":"https:\/\/cnz.to\/vf\/livres\/","og_locale":"fr_FR","og_type":"article","og_title":"Livres | Chocolate &amp; Zucchini","og_description":"D\u00e9couvrez les livres de Clotilde Dusoulier, cr\u00e9atrice du blog culinaire Chocolate & Zucchini et auteur de plusieurs livres de cuisine.","og_url":"https:\/\/cnz.to\/vf\/livres\/","og_site_name":"Chocolate &amp; Zucchini","article_publisher":"https:\/\/www.facebook.com\/choczuc\/","article_modified_time":"2015-11-23T13:54:02+00:00","og_image":[{"width":427,"height":640,"url":"https:\/\/cnz.to\/vf\/wp-content\/uploads\/2015\/11\/brocoli.jpg","type":"image\/jpeg"}],"twitter_card":"summary_large_image","twitter_site":"@clotildenet","schema":{"@context":"https:\/\/schema.org","@graph":[{"@type":"WebPage","@id":"https:\/\/cnz.to\/vf\/livres\/","url":"https:\/\/cnz.to\/vf\/livres\/","name":"Livres | Chocolate &amp; Zucchini","isPartOf":{"@id":"https:\/\/cnz.to\/vf\/#website"},"datePublished":"2013-09-30T02:51:38+00:00","dateModified":"2015-11-23T13:54:02+00:00","description":"D\u00e9couvrez les livres de Clotilde Dusoulier, cr\u00e9atrice du blog culinaire Chocolate & Zucchini et auteur de plusieurs livres de cuisine.","breadcrumb":{"@id":"https:\/\/cnz.to\/vf\/livres\/#breadcrumb"},"inLanguage":"fr-FR","potentialAction":[{"@type":"ReadAction","target":["https:\/\/cnz.to\/vf\/livres\/"]}]},{"@type":"BreadcrumbList","@id":"https:\/\/cnz.to\/vf\/livres\/#breadcrumb","itemListElement":[{"@type":"ListItem","position":1,"name":"Home","item":"https:\/\/cnz.to\/vf\/"},{"@type":"ListItem","position":2,"name":"Livres"}]},{"@type":"WebSite","@id":"https:\/\/cnz.to\/vf\/#website","url":"https:\/\/cnz.to\/vf\/","name":"Chocolate &amp; Zucchini","description":"Recettes simples et astucieuses au fil des saisons","potentialAction":[{"@type":"SearchAction","target":{"@type":"EntryPoint","urlTemplate":"https:\/\/cnz.to\/vf\/?s={search_term_string}"},"query-input":"required name=search_term_string"}],"inLanguage":"fr-FR"}]}},"_links":{"self":[{"href":"https:\/\/cnz.to\/vf\/wp-json\/wp\/v2\/pages\/8"}],"collection":[{"href":"https:\/\/cnz.to\/vf\/wp-json\/wp\/v2\/pages"}],"about":[{"href":"https:\/\/cnz.to\/vf\/wp-json\/wp\/v2\/types\/page"}],"author":[{"embeddable":true,"href":"https:\/\/cnz.to\/vf\/wp-json\/wp\/v2\/users\/1"}],"replies":[{"embeddable":true,"href":"https:\/\/cnz.to\/vf\/wp-json\/wp\/v2\/comments?post=8"}],"version-history":[{"count":4,"href":"https:\/\/cnz.to\/vf\/wp-json\/wp\/v2\/pages\/8\/revisions"}],"predecessor-version":[{"id":4021,"href":"https:\/\/cnz.to\/vf\/wp-json\/wp\/v2\/pages\/8\/revisions\/4021"}],"wp:attachment":[{"href":"https:\/\/cnz.to\/vf\/wp-json\/wp\/v2\/media?parent=8"}],"curies":[{"name":"wp","href":"https:\/\/api.w.org\/{rel}","templated":true}]}}