{"id":7554,"date":"2016-01-12T16:14:54","date_gmt":"2016-01-12T15:14:54","guid":{"rendered":"https:\/\/cnz.to\/vf\/?page_id=7554"},"modified":"2017-09-29T16:09:36","modified_gmt":"2017-09-29T14:09:36","slug":"top-10","status":"publish","type":"page","link":"https:\/\/cnz.to\/vf\/top-10\/","title":{"rendered":"Vos Recettes pr\u00e9f\u00e9r\u00e9es"},"content":{"rendered":"<p>Voici les recettes les plus pl\u00e9biscit\u00e9es par mes lecteurs depuis plus de quatorze ans que je tiens ce blog (!). C&rsquo;est un excellent point de d\u00e9part si vous venez de nous rejoindre ! J&rsquo;esp\u00e8re que ces recettes et astuces trouveront vite leur place dans votre cuisine.<\/p>\n<p>Vous pouvez aussi consulter vos <a href=\"https:\/\/cnz.to\/vf\/series\/le-meilleur-de\/vos-recettes-preferees-en-2015\/\">10 recettes pr\u00e9f\u00e9r\u00e9es de 2015<\/a>.<\/p>\n<p>Avez-vous d\u00e9j\u00e0 r\u00e9alis\u00e9 une de mes recettes ? N&rsquo;oubliez pas de partager vos photos sur <a href=\"https:\/\/twitter.com\/clotildenet\">Twitter<\/a> et <a href=\"http:\/\/instagram.com\/clotildenet\">Instagram<\/a> avec les tags <b>#cnzrecipes<\/b> et <b>@clotildenet<\/b>. J&rsquo;ai h\u00e2te de voir vos cr\u00e9ations !<\/p>\n<h3>N\u00b01 : P\u00e2te feuillet\u00e9e facile et rapide<\/h3>\n<p><a href=\"https:\/\/cnz.to\/vf\/recettes\/tartes-et-gateaux\/pate-feuilletee-facile-rapide-recette\/\"><img loading=\"lazy\" class=\"alignnone size-full wp-image-4609\" src=\"https:\/\/cnz.to\/vf\/wp-content\/uploads\/2014\/02\/rough_puff-0.jpg\" alt=\"P\u00e2te feuillet\u00e9e facile et rapide\" width=\"760\" height=\"507\" style=\"width:100%\" srcset=\"https:\/\/cnz.to\/vf\/wp-content\/uploads\/2014\/02\/rough_puff-0.jpg 760w, https:\/\/cnz.to\/vf\/wp-content\/uploads\/2014\/02\/rough_puff-0-300x200.jpg 300w, https:\/\/cnz.to\/vf\/wp-content\/uploads\/2014\/02\/rough_puff-0-355x237.jpg 355w\" sizes=\"(max-width: 760px) 100vw, 760px\" \/><\/a><\/p>\n<h3>N\u00b02 : Tarte fine aux pommes caram\u00e9lis\u00e9e<\/h3>\n<p><a href=\"https:\/\/cnz.to\/vf\/recettes\/tartes-et-gateaux\/tarte-fine-caramelisee-aux-pommes-recette\/\"><img loading=\"lazy\" class=\"alignnone size-full wp-image-4639\" src=\"https:\/\/cnz.to\/vf\/wp-content\/uploads\/2014\/02\/tarte_fine.jpg\" alt=\"Tarte fine aux pommes\" width=\"760\" height=\"507\" style=\"width:100%\" srcset=\"https:\/\/cnz.to\/vf\/wp-content\/uploads\/2014\/02\/tarte_fine.jpg 760w, https:\/\/cnz.to\/vf\/wp-content\/uploads\/2014\/02\/tarte_fine-300x200.jpg 300w, https:\/\/cnz.to\/vf\/wp-content\/uploads\/2014\/02\/tarte_fine-355x237.jpg 355w\" sizes=\"(max-width: 760px) 100vw, 760px\" \/><\/a><\/p>\n<h3>N\u00b03 : Granola maison : ma formule de base<\/h3>\n<p><a href=\"https:\/\/cnz.to\/vf\/recettes\/petit-dejeuner\/granola-ma-formule-de-base-recette\/\"><img loading=\"lazy\" class=\"alignnone size-full wp-image-4040\" src=\"https:\/\/cnz.to\/vf\/wp-content\/uploads\/2013\/11\/granola.jpg\" alt=\"Granola maison\" width=\"760\" height=\"505\" style=\"width:100%\" srcset=\"https:\/\/cnz.to\/vf\/wp-content\/uploads\/2013\/11\/granola.jpg 760w, https:\/\/cnz.to\/vf\/wp-content\/uploads\/2013\/11\/granola-300x200.jpg 300w, https:\/\/cnz.to\/vf\/wp-content\/uploads\/2013\/11\/granola-355x237.jpg 355w\" sizes=\"(max-width: 760px) 100vw, 760px\" \/><\/a><\/p>\n<h3>N\u00b04 : D\u00e9odorant naturel fait maison (sp\u00e9cial voyage)<\/h3>\n<p><a href=\"https:\/\/cnz.to\/vf\/recettes\/autres-recettes\/deodorant-naturel-fait-maison-special-voyage-recette\/\"><img loading=\"lazy\" class=\"alignnone size-full wp-image-4336\" src=\"https:\/\/cnz.to\/vf\/wp-content\/uploads\/2013\/06\/deodoranttravelfriendly.jpg\" alt=\"D\u00e9odorant naturel fait maison\" width=\"760\" height=\"505\" style=\"width:100%\" srcset=\"https:\/\/cnz.to\/vf\/wp-content\/uploads\/2013\/06\/deodoranttravelfriendly.jpg 760w, https:\/\/cnz.to\/vf\/wp-content\/uploads\/2013\/06\/deodoranttravelfriendly-300x200.jpg 300w, https:\/\/cnz.to\/vf\/wp-content\/uploads\/2013\/06\/deodoranttravelfriendly-355x237.jpg 355w\" sizes=\"(max-width: 760px) 100vw, 760px\" \/><\/a><\/p>\n<h3>N\u00b05 : Comment torr\u00e9fier et monder les noisettes<\/h3>\n<p><a href=\"https:\/\/cnz.to\/vf\/recettes\/bases\/comment-torrefier-et-monder-les-noisettes\/\"><img loading=\"lazy\" class=\"alignnone size-large wp-image-7252\" src=\"https:\/\/cnz.to\/vf\/wp-content\/uploads\/2013\/08\/roasted_hazelnuts-760x507.jpg\" alt=\"Noisettes grill\u00e9es et mond\u00e9es\" width=\"760\" height=\"507\" style=\"width:100%\" srcset=\"https:\/\/cnz.to\/vf\/wp-content\/uploads\/2013\/08\/roasted_hazelnuts.jpg 760w, https:\/\/cnz.to\/vf\/wp-content\/uploads\/2013\/08\/roasted_hazelnuts-300x200.jpg 300w, https:\/\/cnz.to\/vf\/wp-content\/uploads\/2013\/08\/roasted_hazelnuts-355x237.jpg 355w\" sizes=\"(max-width: 760px) 100vw, 760px\" \/><\/a><\/p>\n<h3>N\u00b06 : 45 Id\u00e9es pour utiliser la sauge fra\u00eeche<\/h3>\n<p><a href=\"https:\/\/cnz.to\/vf\/ingredients-bons-produits\/45-idees-pour-utiliser-la-sauge-fraiche\/\"><img loading=\"lazy\" class=\"alignnone size-full wp-image-4333\" src=\"https:\/\/cnz.to\/vf\/wp-content\/uploads\/2010\/05\/sage.jpg\" alt=\"Recettes \u00e0 la sauge\" width=\"760\" height=\"504\" style=\"width:100%\" srcset=\"https:\/\/cnz.to\/vf\/wp-content\/uploads\/2010\/05\/sage.jpg 760w, https:\/\/cnz.to\/vf\/wp-content\/uploads\/2010\/05\/sage-300x200.jpg 300w\" sizes=\"(max-width: 760px) 100vw, 760px\" \/><\/a><\/p>\n<h3>N\u00b07 : 50 Id\u00e9es pour utiliser le kale<\/h3>\n<p><a href=\"https:\/\/cnz.to\/vf\/ingredients-bons-produits\/50-idees-pour-utiliser-le-kale\/\"><img loading=\"lazy\" class=\"alignnone size-full wp-image-4503\" src=\"https:\/\/cnz.to\/vf\/wp-content\/uploads\/2012\/11\/kale_bunch.jpg\" alt=\"Recettes de kale\" width=\"760\" height=\"503\" style=\"width:100%\" srcset=\"https:\/\/cnz.to\/vf\/wp-content\/uploads\/2012\/11\/kale_bunch.jpg 760w, https:\/\/cnz.to\/vf\/wp-content\/uploads\/2012\/11\/kale_bunch-300x200.jpg 300w\" sizes=\"(max-width: 760px) 100vw, 760px\" \/><\/a><\/p>\n<h3>N\u00b08 : Baguettes au levain<\/h3>\n<p><a href=\"https:\/\/cnz.to\/vf\/recettes\/pains-et-brioches\/baguettes-au-levain-recette\/\"><img loading=\"lazy\" class=\"alignnone size-full wp-image-5062\" src=\"https:\/\/cnz.to\/vf\/wp-content\/uploads\/2010\/02\/baguettes-2.jpg\" alt=\"Baguettes au levain\" width=\"760\" height=\"505\" style=\"width:100%\" srcset=\"https:\/\/cnz.to\/vf\/wp-content\/uploads\/2010\/02\/baguettes-2.jpg 760w, https:\/\/cnz.to\/vf\/wp-content\/uploads\/2010\/02\/baguettes-2-300x200.jpg 300w, https:\/\/cnz.to\/vf\/wp-content\/uploads\/2010\/02\/baguettes-2-355x237.jpg 355w\" sizes=\"(max-width: 760px) 100vw, 760px\" \/><\/a><\/p>\n<h3>N\u00b09 : P\u00e2te \u00e0 tarte \u00e0 l\u2019huile d\u2019olive facile<\/h3>\n<p><a href=\"https:\/\/cnz.to\/vf\/recettes\/bases\/pate-a-tarte-facile-a-lhuile-dolive-recette\/\"><img loading=\"lazy\" class=\"alignnone size-full wp-image-4028\" src=\"https:\/\/cnz.to\/vf\/wp-content\/uploads\/2013\/11\/oliveoiltartcrust.jpg\" alt=\"P\u00e2te \u00e0 tarte \u00e0 l'huile d'olive\" width=\"760\" height=\"505\" style=\"width:100%\" srcset=\"https:\/\/cnz.to\/vf\/wp-content\/uploads\/2013\/11\/oliveoiltartcrust.jpg 760w, https:\/\/cnz.to\/vf\/wp-content\/uploads\/2013\/11\/oliveoiltartcrust-300x200.jpg 300w, https:\/\/cnz.to\/vf\/wp-content\/uploads\/2013\/11\/oliveoiltartcrust-355x237.jpg 355w\" sizes=\"(max-width: 760px) 100vw, 760px\" \/><\/a><\/p>\n<h3>N\u00b010 : Gaufres li\u00e9geoises<\/h3>\n<p><a href=\"https:\/\/cnz.to\/vf\/recettes\/biscuits-et-petits-gateaux\/gaufres-liegeoises-recette\/\"><img loading=\"lazy\" src=\"https:\/\/cnz.to\/vf\/wp-content\/uploads\/2014\/10\/gaufres_liegeoises-2.jpg\" alt=\"Gaufres li\u00e9geoises\" width=\"760\" height=\"507\" style=\"width:100%\" class=\"alignnone size-full wp-image-5758\" srcset=\"https:\/\/cnz.to\/vf\/wp-content\/uploads\/2014\/10\/gaufres_liegeoises-2.jpg 760w, https:\/\/cnz.to\/vf\/wp-content\/uploads\/2014\/10\/gaufres_liegeoises-2-300x200.jpg 300w, https:\/\/cnz.to\/vf\/wp-content\/uploads\/2014\/10\/gaufres_liegeoises-2-355x237.jpg 355w, https:\/\/cnz.to\/vf\/wp-content\/uploads\/2014\/10\/gaufres_liegeoises-2-600x400.jpg 600w\" sizes=\"(max-width: 760px) 100vw, 760px\" \/><\/a><\/p>\n","protected":false},"excerpt":{"rendered":"<p>Voici les recettes les plus pl\u00e9biscit\u00e9es par mes lecteurs depuis plus de quatorze ans que je tiens ce blog (!). [&hellip;]<\/p>\n","protected":false},"author":5,"featured_media":0,"parent":0,"menu_order":0,"comment_status":"closed","ping_status":"closed","template":"","meta":{"om_disable_all_campaigns":false,"_mi_skip_tracking":false},"acf":[],"yoast_head":"<!-- This site is optimized with the Yoast SEO plugin v19.10 - https:\/\/yoast.com\/wordpress\/plugins\/seo\/ -->\n<title>Vos Recettes pr\u00e9f\u00e9r\u00e9es | Chocolate &amp; Zucchini<\/title>\n<meta name=\"description\" content=\"Voici le top 10 des recettes pr\u00e9f\u00e9r\u00e9es des lecteurs de Chocolate &amp; Zucchini !\" \/>\n<meta name=\"robots\" content=\"index, follow, max-snippet:-1, max-image-preview:large, max-video-preview:-1\" \/>\n<link rel=\"canonical\" href=\"https:\/\/cnz.to\/vf\/top-10\/\" \/>\n<meta property=\"og:locale\" content=\"fr_FR\" \/>\n<meta property=\"og:type\" content=\"article\" \/>\n<meta property=\"og:title\" content=\"Vos Recettes pr\u00e9f\u00e9r\u00e9es | Chocolate &amp; Zucchini\" \/>\n<meta property=\"og:description\" content=\"Voici le top 10 des recettes pr\u00e9f\u00e9r\u00e9es des lecteurs de Chocolate &amp; Zucchini !\" \/>\n<meta property=\"og:url\" content=\"https:\/\/cnz.to\/vf\/top-10\/\" \/>\n<meta property=\"og:site_name\" content=\"Chocolate &amp; Zucchini\" \/>\n<meta property=\"article:publisher\" content=\"https:\/\/www.facebook.com\/choczuc\/\" \/>\n<meta property=\"article:modified_time\" content=\"2017-09-29T14:09:36+00:00\" \/>\n<meta property=\"og:image\" content=\"https:\/\/cnz.to\/vf\/wp-content\/uploads\/2014\/02\/rough_puff-0.jpg\" \/>\n<meta name=\"twitter:card\" content=\"summary_large_image\" \/>\n<meta name=\"twitter:site\" content=\"@clotildenet\" \/>\n<meta name=\"twitter:label1\" content=\"Est. reading time\" \/>\n\t<meta name=\"twitter:data1\" content=\"1 minute\" \/>\n<script type=\"application\/ld+json\" class=\"yoast-schema-graph\">{\"@context\":\"https:\/\/schema.org\",\"@graph\":[{\"@type\":\"WebPage\",\"@id\":\"https:\/\/cnz.to\/vf\/top-10\/\",\"url\":\"https:\/\/cnz.to\/vf\/top-10\/\",\"name\":\"Vos Recettes pr\u00e9f\u00e9r\u00e9es | Chocolate &amp; Zucchini\",\"isPartOf\":{\"@id\":\"https:\/\/cnz.to\/vf\/#website\"},\"datePublished\":\"2016-01-12T15:14:54+00:00\",\"dateModified\":\"2017-09-29T14:09:36+00:00\",\"description\":\"Voici le top 10 des recettes pr\u00e9f\u00e9r\u00e9es des lecteurs de Chocolate & Zucchini !\",\"breadcrumb\":{\"@id\":\"https:\/\/cnz.to\/vf\/top-10\/#breadcrumb\"},\"inLanguage\":\"fr-FR\",\"potentialAction\":[{\"@type\":\"ReadAction\",\"target\":[\"https:\/\/cnz.to\/vf\/top-10\/\"]}]},{\"@type\":\"BreadcrumbList\",\"@id\":\"https:\/\/cnz.to\/vf\/top-10\/#breadcrumb\",\"itemListElement\":[{\"@type\":\"ListItem\",\"position\":1,\"name\":\"Home\",\"item\":\"https:\/\/cnz.to\/vf\/\"},{\"@type\":\"ListItem\",\"position\":2,\"name\":\"Vos Recettes pr\u00e9f\u00e9r\u00e9es\"}]},{\"@type\":\"WebSite\",\"@id\":\"https:\/\/cnz.to\/vf\/#website\",\"url\":\"https:\/\/cnz.to\/vf\/\",\"name\":\"Chocolate &amp; Zucchini\",\"description\":\"Recettes simples et astucieuses au fil des saisons\",\"potentialAction\":[{\"@type\":\"SearchAction\",\"target\":{\"@type\":\"EntryPoint\",\"urlTemplate\":\"https:\/\/cnz.to\/vf\/?s={search_term_string}\"},\"query-input\":\"required name=search_term_string\"}],\"inLanguage\":\"fr-FR\"}]}<\/script>\n<!-- \/ Yoast SEO plugin. -->","yoast_head_json":{"title":"Vos Recettes pr\u00e9f\u00e9r\u00e9es | Chocolate &amp; Zucchini","description":"Voici le top 10 des recettes pr\u00e9f\u00e9r\u00e9es des lecteurs de Chocolate & Zucchini !","robots":{"index":"index","follow":"follow","max-snippet":"max-snippet:-1","max-image-preview":"max-image-preview:large","max-video-preview":"max-video-preview:-1"},"canonical":"https:\/\/cnz.to\/vf\/top-10\/","og_locale":"fr_FR","og_type":"article","og_title":"Vos Recettes pr\u00e9f\u00e9r\u00e9es | Chocolate &amp; Zucchini","og_description":"Voici le top 10 des recettes pr\u00e9f\u00e9r\u00e9es des lecteurs de Chocolate & Zucchini !","og_url":"https:\/\/cnz.to\/vf\/top-10\/","og_site_name":"Chocolate &amp; Zucchini","article_publisher":"https:\/\/www.facebook.com\/choczuc\/","article_modified_time":"2017-09-29T14:09:36+00:00","og_image":[{"url":"https:\/\/cnz.to\/vf\/wp-content\/uploads\/2014\/02\/rough_puff-0.jpg"}],"twitter_card":"summary_large_image","twitter_site":"@clotildenet","twitter_misc":{"Est. reading time":"1 minute"},"schema":{"@context":"https:\/\/schema.org","@graph":[{"@type":"WebPage","@id":"https:\/\/cnz.to\/vf\/top-10\/","url":"https:\/\/cnz.to\/vf\/top-10\/","name":"Vos Recettes pr\u00e9f\u00e9r\u00e9es | Chocolate &amp; Zucchini","isPartOf":{"@id":"https:\/\/cnz.to\/vf\/#website"},"datePublished":"2016-01-12T15:14:54+00:00","dateModified":"2017-09-29T14:09:36+00:00","description":"Voici le top 10 des recettes pr\u00e9f\u00e9r\u00e9es des lecteurs de Chocolate & Zucchini !","breadcrumb":{"@id":"https:\/\/cnz.to\/vf\/top-10\/#breadcrumb"},"inLanguage":"fr-FR","potentialAction":[{"@type":"ReadAction","target":["https:\/\/cnz.to\/vf\/top-10\/"]}]},{"@type":"BreadcrumbList","@id":"https:\/\/cnz.to\/vf\/top-10\/#breadcrumb","itemListElement":[{"@type":"ListItem","position":1,"name":"Home","item":"https:\/\/cnz.to\/vf\/"},{"@type":"ListItem","position":2,"name":"Vos Recettes pr\u00e9f\u00e9r\u00e9es"}]},{"@type":"WebSite","@id":"https:\/\/cnz.to\/vf\/#website","url":"https:\/\/cnz.to\/vf\/","name":"Chocolate &amp; Zucchini","description":"Recettes simples et astucieuses au fil des saisons","potentialAction":[{"@type":"SearchAction","target":{"@type":"EntryPoint","urlTemplate":"https:\/\/cnz.to\/vf\/?s={search_term_string}"},"query-input":"required name=search_term_string"}],"inLanguage":"fr-FR"}]}},"_links":{"self":[{"href":"https:\/\/cnz.to\/vf\/wp-json\/wp\/v2\/pages\/7554"}],"collection":[{"href":"https:\/\/cnz.to\/vf\/wp-json\/wp\/v2\/pages"}],"about":[{"href":"https:\/\/cnz.to\/vf\/wp-json\/wp\/v2\/types\/page"}],"author":[{"embeddable":true,"href":"https:\/\/cnz.to\/vf\/wp-json\/wp\/v2\/users\/5"}],"replies":[{"embeddable":true,"href":"https:\/\/cnz.to\/vf\/wp-json\/wp\/v2\/comments?post=7554"}],"version-history":[{"count":17,"href":"https:\/\/cnz.to\/vf\/wp-json\/wp\/v2\/pages\/7554\/revisions"}],"predecessor-version":[{"id":10862,"href":"https:\/\/cnz.to\/vf\/wp-json\/wp\/v2\/pages\/7554\/revisions\/10862"}],"wp:attachment":[{"href":"https:\/\/cnz.to\/vf\/wp-json\/wp\/v2\/media?parent=7554"}],"curies":[{"name":"wp","href":"https:\/\/api.w.org\/{rel}","templated":true}]}}