{"id":7104,"date":"2015-12-07T20:30:23","date_gmt":"2015-12-07T19:30:23","guid":{"rendered":"https:\/\/cnz.to\/vf\/?page_id=7104"},"modified":"2017-08-11T13:23:20","modified_gmt":"2017-08-11T11:23:20","slug":"newsletter","status":"publish","type":"page","link":"https:\/\/cnz.to\/vf\/newsletter\/","title":{"rendered":"Inscrivez-vous \u00e0 la newsletter"},"content":{"rendered":"<div id=\"attachment_10474\" class=\"wp-caption alignleft\" style=\"width: 450px\"><img loading=\"lazy\" src=\"https:\/\/cnz.to\/vf\/wp-content\/uploads\/2015\/12\/clotilde_bfs.jpg\" alt=\"\" width=\"450\" height=\"450\" class=\"size-full wp-image-10474\" srcset=\"https:\/\/cnz.to\/vf\/wp-content\/uploads\/2015\/12\/clotilde_bfs.jpg 750w, https:\/\/cnz.to\/vf\/wp-content\/uploads\/2015\/12\/clotilde_bfs-150x150.jpg 150w, https:\/\/cnz.to\/vf\/wp-content\/uploads\/2015\/12\/clotilde_bfs-300x300.jpg 300w\" sizes=\"(max-width: 450px) 100vw, 450px\" \/><p class=\"wp-caption-text\">Photo de <a href=\"https:\/\/www.stephendevriesphoto.com\/\">Stephen Devries<\/a>.<\/p><\/div>\n<p>Pour rester en contact avec Clotilde, inscrivez-vous \u00e0 la <b>newsletter gratuite<\/b>. 70,000 lecteurs de C&#038;Z la re\u00e7oivent d\u00e9j\u00e0 !<\/p>\n<h3>Que vais-je recevoir ?<\/h3>\n<p>Une fois abonn\u00e9 \u00e0 la <b>newsletter<\/b>, vous recevrez r\u00e9guli\u00e8rement par email un r\u00e9sum\u00e9 des derniers billets et des infos et ressources exclusives. Vous pouvez aussi demander \u00e0 recevoir une notification lorsqu&rsquo;un <b>nouveau billet<\/b> est publi\u00e9, une \u00e0 deux fois par semaine.<\/p>\n<p>Pour voir un exemple de la newsletter, vous pouvez consulter la <a target=\"_self\" href=\"javascript:getLatestNewsletter('vf');\">derni\u00e8re \u00e9dition<\/a>.<\/p>\n<h3>Je veux m&rsquo;inscrire !<\/h3>\n<form method=\"post\"  action=\"https:\/\/cnz.to\/pl\/?p=subscribe&id=3\" class=\"newsletterform\">\r\n\t<div class=\"row\">\n\t\t<label class=\"label\">Pr\u00e9nom: <\/label><br\/>\n\t\t<input name=\"attribute9\" type=\"text\" \/>\n\t<\/div>\n\t<div class=\"row\">\r\n\t\t<label class=\"label\">Adresse email: <span class=\"req\">*<\/span><\/label><br\/>\r\n\t\t<input name=\"email\" type=\"email\" \/>\r\n\t<\/div>\r\n\t<div class=\"row\">\r\n\t\t<label class=\"label\">Confirmez votre adresse email: <span class=\"req\">*<\/span><\/label><br\/>\r\n\t\t<input name=\"emailconfirm\" type=\"email\" \/>\r\n\t<\/div>\r\n\t<div class=\"row\">\r\n\t\t<label class=\"label\">Langue: <span class=\"req\">*<\/span><\/label><br\/>\r\n\t\t<ul>\r\n\t\t\t<li><label><input type=\"radio\" name=\"attribute5\" value=\"1\"\/> Anglais<\/label><\/li>\r\n\t\t\t<li><label><input type=\"radio\" name=\"attribute5\" value=\"4\" checked=\"checked\" \/> Fran\u00e7ais<\/label><\/li>\r\n\t\t\t<li><label><input type=\"radio\" name=\"attribute5\" value=\"3\" \/> Les deux<\/label><\/li>\r\n\t\t<\/ul>\r\n\t\t<div class=\"clear\"><\/div>\r\n\t<\/div>\r\n\t<div class=\"row\">\r\n\t\t<label class=\"label\">Notification pour les nouveaux billets: <span class=\"req\">*<\/span><\/label><br\/>\r\n\t\t<ul>\r\n\t\t\t<li><label><input type=\"radio\" name=\"attribute7\" value=\"1\" checked=\"checked\"\/> Oui !<\/label><\/li>\r\n\t\t\t<li><label><input type=\"radio\" name=\"attribute7\" value=\"2\" \/> Non merci<\/label><\/li>\r\n\t\t<\/ul>\r\n\t\t<div class=\"clear\"><\/div>\r\n\t<\/div>\r\n\t<div class=\"row\">\n\t<div class=\"g-recaptcha\" data-sitekey=\"6LdJXgwUAAAAAET-Yr7diyD-TIsfvfnRt0rkjgu8\"><\/div>\n    <script type=\"text\/javascript\" src=\"https:\/\/www.google.com\/recaptcha\/api.js?hl=en-GB\">\n    <\/script>\n\t<\/div>\r\n\t<div class=\"row\" style=\"margin-bottom:0;\"><input type=\"submit\" value=\"Abonnement\" \/><\/div>\r\n\t<div><input type=\"hidden\" name=\"list[3]\" value=\"signup\" \/>\r\n\t<input type=\"hidden\" name=\"listname[3]\" value=\"Chocolate and Zucchini en VF\" \/>\r\n\t<!-- Clotilde 13\/10\/2015 : only html available -->\r\n\t<input type=\"hidden\" name=\"htmlemail\" value=\"1\" \/>\r\n\t<input name=\"subscribe\" type=\"hidden\" value=\"Subscribe\" \/><\/div>\r\n<\/form>\n<h3>Important<\/h3>\n<p>Votre adresse ne sera utilis\u00e9e \u00e0 aucune autre fin que de vous tenir au courant de l&rsquo;actualit\u00e9 de Chocolate &#038; Zucchini. Chaque email que vous recevrez contiendra un lien pour vous d\u00e9sabonner.<\/p>\n<p><script>\nfunction getLatestNewsletter(vovf) {\n\tif (vovf === undefined) { vovf = \"vo\"; }\n\tvar d = new Date();\n\tvar year = d.getFullYear();\n\tvar month = d.getMonth() + 1;\n\twindow.open('https:\/\/cnz.to\/newsletter\/' + year + '\/' + month + '\/newsletter_' + vovf + '.html');\n}\n<\/script><\/p>\n","protected":false},"excerpt":{"rendered":"<p>Pour rester en contact avec Clotilde, inscrivez-vous \u00e0 la newsletter gratuite. 70,000 lecteurs de C&#038;Z la re\u00e7oivent d\u00e9j\u00e0 ! Que [&hellip;]<\/p>\n","protected":false},"author":2,"featured_media":0,"parent":0,"menu_order":0,"comment_status":"closed","ping_status":"closed","template":"","meta":{"om_disable_all_campaigns":false,"_mi_skip_tracking":false},"acf":[],"yoast_head":"<!-- This site is optimized with the Yoast SEO plugin v19.10 - https:\/\/yoast.com\/wordpress\/plugins\/seo\/ -->\n<title>Inscrivez-vous \u00e0 la newsletter | Chocolate &amp; Zucchini<\/title>\n<meta name=\"robots\" content=\"index, follow, max-snippet:-1, max-image-preview:large, max-video-preview:-1\" \/>\n<link rel=\"canonical\" href=\"https:\/\/cnz.to\/vf\/newsletter\/\" \/>\n<meta property=\"og:locale\" content=\"fr_FR\" \/>\n<meta property=\"og:type\" content=\"article\" \/>\n<meta property=\"og:title\" content=\"Inscrivez-vous \u00e0 la newsletter | Chocolate &amp; Zucchini\" \/>\n<meta property=\"og:description\" content=\"Pour rester en contact avec Clotilde, inscrivez-vous \u00e0 la newsletter gratuite. 70,000 lecteurs de C&#038;Z la re\u00e7oivent d\u00e9j\u00e0 ! Que [&hellip;]\" \/>\n<meta property=\"og:url\" content=\"https:\/\/cnz.to\/vf\/newsletter\/\" \/>\n<meta property=\"og:site_name\" content=\"Chocolate &amp; Zucchini\" \/>\n<meta property=\"article:publisher\" content=\"https:\/\/www.facebook.com\/choczuc\/\" \/>\n<meta property=\"article:modified_time\" content=\"2017-08-11T11:23:20+00:00\" \/>\n<meta property=\"og:image\" content=\"https:\/\/cnz.to\/vf\/wp-content\/uploads\/2015\/12\/clotilde_bfs.jpg\" \/>\n<meta name=\"twitter:card\" content=\"summary_large_image\" \/>\n<meta name=\"twitter:site\" content=\"@clotildenet\" \/>\n<meta name=\"twitter:label1\" content=\"Est. reading time\" \/>\n\t<meta name=\"twitter:data1\" content=\"1 minute\" \/>\n<script type=\"application\/ld+json\" class=\"yoast-schema-graph\">{\"@context\":\"https:\/\/schema.org\",\"@graph\":[{\"@type\":\"WebPage\",\"@id\":\"https:\/\/cnz.to\/vf\/newsletter\/\",\"url\":\"https:\/\/cnz.to\/vf\/newsletter\/\",\"name\":\"Inscrivez-vous \u00e0 la newsletter | Chocolate &amp; Zucchini\",\"isPartOf\":{\"@id\":\"https:\/\/cnz.to\/vf\/#website\"},\"datePublished\":\"2015-12-07T19:30:23+00:00\",\"dateModified\":\"2017-08-11T11:23:20+00:00\",\"breadcrumb\":{\"@id\":\"https:\/\/cnz.to\/vf\/newsletter\/#breadcrumb\"},\"inLanguage\":\"fr-FR\",\"potentialAction\":[{\"@type\":\"ReadAction\",\"target\":[\"https:\/\/cnz.to\/vf\/newsletter\/\"]}]},{\"@type\":\"BreadcrumbList\",\"@id\":\"https:\/\/cnz.to\/vf\/newsletter\/#breadcrumb\",\"itemListElement\":[{\"@type\":\"ListItem\",\"position\":1,\"name\":\"Home\",\"item\":\"https:\/\/cnz.to\/vf\/\"},{\"@type\":\"ListItem\",\"position\":2,\"name\":\"Inscrivez-vous \u00e0 la newsletter\"}]},{\"@type\":\"WebSite\",\"@id\":\"https:\/\/cnz.to\/vf\/#website\",\"url\":\"https:\/\/cnz.to\/vf\/\",\"name\":\"Chocolate &amp; Zucchini\",\"description\":\"Recettes simples et astucieuses au fil des saisons\",\"potentialAction\":[{\"@type\":\"SearchAction\",\"target\":{\"@type\":\"EntryPoint\",\"urlTemplate\":\"https:\/\/cnz.to\/vf\/?s={search_term_string}\"},\"query-input\":\"required name=search_term_string\"}],\"inLanguage\":\"fr-FR\"}]}<\/script>\n<!-- \/ Yoast SEO plugin. -->","yoast_head_json":{"title":"Inscrivez-vous \u00e0 la newsletter | Chocolate &amp; Zucchini","robots":{"index":"index","follow":"follow","max-snippet":"max-snippet:-1","max-image-preview":"max-image-preview:large","max-video-preview":"max-video-preview:-1"},"canonical":"https:\/\/cnz.to\/vf\/newsletter\/","og_locale":"fr_FR","og_type":"article","og_title":"Inscrivez-vous \u00e0 la newsletter | Chocolate &amp; Zucchini","og_description":"Pour rester en contact avec Clotilde, inscrivez-vous \u00e0 la newsletter gratuite. 70,000 lecteurs de C&#038;Z la re\u00e7oivent d\u00e9j\u00e0 ! Que [&hellip;]","og_url":"https:\/\/cnz.to\/vf\/newsletter\/","og_site_name":"Chocolate &amp; Zucchini","article_publisher":"https:\/\/www.facebook.com\/choczuc\/","article_modified_time":"2017-08-11T11:23:20+00:00","og_image":[{"url":"https:\/\/cnz.to\/vf\/wp-content\/uploads\/2015\/12\/clotilde_bfs.jpg"}],"twitter_card":"summary_large_image","twitter_site":"@clotildenet","twitter_misc":{"Est. reading time":"1 minute"},"schema":{"@context":"https:\/\/schema.org","@graph":[{"@type":"WebPage","@id":"https:\/\/cnz.to\/vf\/newsletter\/","url":"https:\/\/cnz.to\/vf\/newsletter\/","name":"Inscrivez-vous \u00e0 la newsletter | Chocolate &amp; Zucchini","isPartOf":{"@id":"https:\/\/cnz.to\/vf\/#website"},"datePublished":"2015-12-07T19:30:23+00:00","dateModified":"2017-08-11T11:23:20+00:00","breadcrumb":{"@id":"https:\/\/cnz.to\/vf\/newsletter\/#breadcrumb"},"inLanguage":"fr-FR","potentialAction":[{"@type":"ReadAction","target":["https:\/\/cnz.to\/vf\/newsletter\/"]}]},{"@type":"BreadcrumbList","@id":"https:\/\/cnz.to\/vf\/newsletter\/#breadcrumb","itemListElement":[{"@type":"ListItem","position":1,"name":"Home","item":"https:\/\/cnz.to\/vf\/"},{"@type":"ListItem","position":2,"name":"Inscrivez-vous \u00e0 la newsletter"}]},{"@type":"WebSite","@id":"https:\/\/cnz.to\/vf\/#website","url":"https:\/\/cnz.to\/vf\/","name":"Chocolate &amp; Zucchini","description":"Recettes simples et astucieuses au fil des saisons","potentialAction":[{"@type":"SearchAction","target":{"@type":"EntryPoint","urlTemplate":"https:\/\/cnz.to\/vf\/?s={search_term_string}"},"query-input":"required name=search_term_string"}],"inLanguage":"fr-FR"}]}},"_links":{"self":[{"href":"https:\/\/cnz.to\/vf\/wp-json\/wp\/v2\/pages\/7104"}],"collection":[{"href":"https:\/\/cnz.to\/vf\/wp-json\/wp\/v2\/pages"}],"about":[{"href":"https:\/\/cnz.to\/vf\/wp-json\/wp\/v2\/types\/page"}],"author":[{"embeddable":true,"href":"https:\/\/cnz.to\/vf\/wp-json\/wp\/v2\/users\/2"}],"replies":[{"embeddable":true,"href":"https:\/\/cnz.to\/vf\/wp-json\/wp\/v2\/comments?post=7104"}],"version-history":[{"count":15,"href":"https:\/\/cnz.to\/vf\/wp-json\/wp\/v2\/pages\/7104\/revisions"}],"predecessor-version":[{"id":10478,"href":"https:\/\/cnz.to\/vf\/wp-json\/wp\/v2\/pages\/7104\/revisions\/10478"}],"wp:attachment":[{"href":"https:\/\/cnz.to\/vf\/wp-json\/wp\/v2\/media?parent=7104"}],"curies":[{"name":"wp","href":"https:\/\/api.w.org\/{rel}","templated":true}]}}