{"id":68,"date":"2013-10-01T22:12:06","date_gmt":"2013-10-01T22:12:06","guid":{"rendered":"https:\/\/cnz.to\/vf\/?page_id=68"},"modified":"2015-11-23T14:56:18","modified_gmt":"2015-11-23T13:56:18","slug":"travailler-avec-clotilde","status":"publish","type":"page","link":"https:\/\/cnz.to\/vf\/travailler-avec-clotilde\/","title":{"rendered":"Travailler avec Clotilde"},"content":{"rendered":"<p>Clotilde Dusoulier a <b>dix ans d&rsquo;exp\u00e9rience<\/b> comme cuisini\u00e8re \u00e9clair\u00e9e, journaliste pour la presse fran\u00e7aise et internationale, auteur et consultante culinaire. Elle est disponible pour des missions dans les domaines suivants :<\/p>\n<ul>\n<li><b>\u00c9criture freelance<\/b> et piges (presse ou web, voir r\u00e9f\u00e9rences ci-dessous)<\/li>\n<li>D\u00e9veloppement de <b>recettes<\/b><\/li>\n<li><b>Visites gourmandes<\/b> \u00e0 Paris pour les particuliers<\/li>\n<li><b>Rapports de tendances<\/b> et visites \u00e0 th\u00e8mes pour les professionnels<\/li>\n<li><b>Conseil<\/b> pour le d\u00e9veloppement de produits et de marques<\/li>\n<li><b>Sessions de cr\u00e9ativit\u00e9<\/b> et brainstorming<\/li>\n<li>Intervention dans le cadre de <b>conf\u00e9rences<\/b> et d\u00e9bats<\/li>\n<\/ul>\n<p>Clotilde sera ravie de discuter avec vous de vos projets ; n&rsquo;h\u00e9sitez pas \u00e0 <a href=\"https:\/\/cnz.to\/contact\/\">la contacter<\/a>.<\/p>\n<p><i>Ses recettes et articles sont parus dans les publications suivantes :<\/i><\/p>\n\t\t<div class=\"pressgrid\">\n\t\t\t<div class=\"press\"><a href=\"http:\/\/www.bonappetit.com\/\"><img width=\"100\" height=\"78\" src=\"https:\/\/cnz.to\/vf\/wp-content\/uploads\/2013\/10\/bonappetit-100x78.jpg\" class=\"attachment-100x78 size-100x78\" alt=\"\" loading=\"lazy\" style=\"margin-top:0px\" \/><\/a><\/div><div class=\"press\"><a href=\"http:\/\/www.budgettravel.com\/\"><img width=\"100\" height=\"78\" src=\"https:\/\/cnz.to\/vf\/wp-content\/uploads\/2013\/10\/budgettravel-100x78.jpg\" class=\"attachment-100x78 size-100x78\" alt=\"\" loading=\"lazy\" style=\"margin-top:0px\" \/><\/a><\/div><div class=\"press\"><a href=\"http:\/\/www.deliciousmagazine.co.uk\/\"><img width=\"100\" height=\"78\" src=\"https:\/\/cnz.to\/vf\/wp-content\/uploads\/2013\/10\/delicious-100x78.jpg\" class=\"attachment-100x78 size-100x78\" alt=\"\" loading=\"lazy\" style=\"margin-top:0px\" \/><\/a><\/div><div class=\"press\"><a href=\"http:\/\/relais-desserts.net\/magazine\/\"><img width=\"100\" height=\"78\" src=\"https:\/\/cnz.to\/vf\/wp-content\/uploads\/2013\/10\/desserts-100x78.jpg\" class=\"attachment-100x78 size-100x78\" alt=\"\" loading=\"lazy\" style=\"margin-top:0px\" \/><\/a><\/div><div class=\"press\"><a href=\"http:\/\/www.elle.fr\/\"><img width=\"100\" height=\"78\" src=\"https:\/\/cnz.to\/vf\/wp-content\/uploads\/2013\/10\/elle-100x78.jpg\" class=\"attachment-100x78 size-100x78\" alt=\"\" loading=\"lazy\" style=\"margin-top:0px\" \/><\/a><\/div><div class=\"press\"><a href=\"http:\/\/www.elle.fr\/Elle-a-Table\"><img width=\"100\" height=\"78\" src=\"https:\/\/cnz.to\/vf\/wp-content\/uploads\/2013\/10\/elleatable-100x78.jpg\" class=\"attachment-100x78 size-100x78\" alt=\"\" loading=\"lazy\" style=\"margin-top:0px\" \/><\/a><\/div><div class=\"press\"><span class=\"nolink\"><img width=\"100\" height=\"78\" src=\"https:\/\/cnz.to\/vf\/wp-content\/uploads\/2013\/10\/francemagazine2-100x78.jpg\" class=\"attachment-100x78 size-100x78\" alt=\"\" loading=\"lazy\" style=\"margin-top:0px\" \/><\/span><\/div><div class=\"press\"><a href=\"http:\/\/www.sbs.com.au\/food\/feast-magazine\"><img width=\"100\" height=\"78\" src=\"https:\/\/cnz.to\/vf\/wp-content\/uploads\/2013\/10\/feast-100x78.jpg\" class=\"attachment-100x78 size-100x78\" alt=\"\" loading=\"lazy\" style=\"margin-top:0px\" \/><\/a><\/div><div class=\"press\"><a href=\"http:\/\/www.flipkey.com\/blog\/\"><img width=\"100\" height=\"78\" src=\"https:\/\/cnz.to\/vf\/wp-content\/uploads\/2013\/10\/flipkey-100x78.jpg\" class=\"attachment-100x78 size-100x78\" alt=\"\" loading=\"lazy\" style=\"margin-top:0px\" \/><\/a><\/div><div class=\"press\"><a href=\"http:\/\/www.foodandwine.com\/\"><img width=\"100\" height=\"78\" src=\"https:\/\/cnz.to\/vf\/wp-content\/uploads\/2013\/10\/foodandwine-100x78.jpg\" class=\"attachment-100x78 size-100x78\" alt=\"\" loading=\"lazy\" style=\"margin-top:0px\" \/><\/a><\/div><div class=\"press\"><a href=\"http:\/\/www.glamourparis.com\/\"><img width=\"100\" height=\"78\" src=\"https:\/\/cnz.to\/vf\/wp-content\/uploads\/2013\/10\/glamour-100x78.jpg\" class=\"attachment-100x78 size-100x78\" alt=\"\" loading=\"lazy\" style=\"margin-top:0px\" \/><\/a><\/div><div class=\"press\"><a href=\"http:\/\/www.gulfairmagazine.com\/\"><img width=\"100\" height=\"78\" src=\"https:\/\/cnz.to\/vf\/wp-content\/uploads\/2013\/10\/gulflife-100x78.jpg\" class=\"attachment-100x78 size-100x78\" alt=\"\" loading=\"lazy\" style=\"margin-top:0px\" \/><\/a><\/div><div class=\"press\"><a href=\"http:\/\/www.klikk.no\/mat\/\"><img width=\"100\" height=\"78\" src=\"https:\/\/cnz.to\/vf\/wp-content\/uploads\/2013\/10\/klikk-100x78.jpg\" class=\"attachment-100x78 size-100x78\" alt=\"\" loading=\"lazy\" style=\"margin-top:0px\" \/><\/a><\/div><div class=\"press\"><a href=\"http:\/\/www.lefooding.com\/\"><img width=\"100\" height=\"78\" src=\"https:\/\/cnz.to\/vf\/wp-content\/uploads\/2013\/10\/fooding-100x78.jpg\" class=\"attachment-100x78 size-100x78\" alt=\"\" loading=\"lazy\" style=\"margin-top:0px\" \/><\/a><\/div><div class=\"press\"><a href=\"http:\/\/www.latimes.com\/\"><img width=\"100\" height=\"78\" src=\"https:\/\/cnz.to\/vf\/wp-content\/uploads\/2013\/10\/latimes-100x78.jpg\" class=\"attachment-100x78 size-100x78\" alt=\"\" loading=\"lazy\" style=\"margin-top:0px\" \/><\/a><\/div><div class=\"press\"><a href=\"http:\/\/www.marthastewart.com\/\"><img width=\"100\" height=\"78\" src=\"https:\/\/cnz.to\/vf\/wp-content\/uploads\/2013\/10\/marthastewartliving-100x78.jpg\" class=\"attachment-100x78 size-100x78\" alt=\"\" loading=\"lazy\" style=\"margin-top:0px\" \/><\/a><\/div><div class=\"press\"><a href=\"http:\/\/www.ink-live.com\/emagazines\/eurostar-metropolitan\"><img width=\"100\" height=\"78\" src=\"https:\/\/cnz.to\/vf\/wp-content\/uploads\/2013\/10\/metropolitan-100x78.jpg\" class=\"attachment-100x78 size-100x78\" alt=\"\" loading=\"lazy\" style=\"margin-top:0px\" \/><\/a><\/div><div class=\"press\"><a href=\"http:\/\/www.npr.org\/\"><img width=\"100\" height=\"78\" src=\"https:\/\/cnz.to\/vf\/wp-content\/uploads\/2013\/10\/npr-100x78.jpg\" class=\"attachment-100x78 size-100x78\" alt=\"\" loading=\"lazy\" style=\"margin-top:0px\" \/><\/a><\/div><div class=\"press\"><a href=\"http:\/\/www.olivemagazine.com\/lulusnotes\/magazine\/\"><img width=\"100\" height=\"78\" src=\"https:\/\/cnz.to\/vf\/wp-content\/uploads\/2013\/10\/olive-100x78.jpg\" class=\"attachment-100x78 size-100x78\" alt=\"\" loading=\"lazy\" style=\"margin-top:0px\" \/><\/a><\/div><div class=\"press\"><a href=\"https:\/\/kiosque.uni-editions.com\/offres\/0115-23-regal.html\"><img width=\"100\" height=\"78\" src=\"https:\/\/cnz.to\/vf\/wp-content\/uploads\/2013\/10\/regal-100x78.jpg\" class=\"attachment-100x78 size-100x78\" alt=\"\" loading=\"lazy\" style=\"margin-top:0px\" \/><\/a><\/div><div class=\"press\"><a href=\"http:\/\/www.saveur.com\/\"><img width=\"100\" height=\"78\" src=\"https:\/\/cnz.to\/vf\/wp-content\/uploads\/2013\/10\/saveur-100x78.jpg\" class=\"attachment-100x78 size-100x78\" alt=\"\" loading=\"lazy\" style=\"margin-top:0px\" \/><\/a><\/div><div class=\"press\"><a href=\"http:\/\/www.silverkris.com\/\"><img width=\"100\" height=\"78\" src=\"https:\/\/cnz.to\/vf\/wp-content\/uploads\/2013\/10\/silverkris-100x78.jpg\" class=\"attachment-100x78 size-100x78\" alt=\"\" loading=\"lazy\" style=\"margin-top:0px\" \/><\/a><\/div><div class=\"press\"><a href=\"http:\/\/www.theguardian.com\/uk\"><img width=\"100\" height=\"78\" src=\"https:\/\/cnz.to\/vf\/wp-content\/uploads\/2013\/10\/theguardian-100x78.jpg\" class=\"attachment-100x78 size-100x78\" alt=\"\" loading=\"lazy\" style=\"margin-top:0px\" \/><\/a><\/div><div class=\"press\"><a href=\"http:\/\/www.nytimes.com\/\"><img width=\"100\" height=\"78\" src=\"https:\/\/cnz.to\/vf\/wp-content\/uploads\/2013\/10\/nyt-100x78.jpg\" class=\"attachment-100x78 size-100x78\" alt=\"\" loading=\"lazy\" style=\"margin-top:0px\" \/><\/a><\/div><div class=\"press\"><a href=\"http:\/\/www.vegetariantimes.com\/\"><img width=\"100\" height=\"78\" src=\"https:\/\/cnz.to\/vf\/wp-content\/uploads\/2013\/10\/vegtimes-100x78.jpg\" class=\"attachment-100x78 size-100x78\" alt=\"\" loading=\"lazy\" style=\"margin-top:0px\" \/><\/a><\/div><div class=\"press\"><a href=\"http:\/\/wsj.com\"><img width=\"100\" height=\"78\" src=\"https:\/\/cnz.to\/vf\/wp-content\/uploads\/2013\/10\/wallstreetjournal-100x78.jpg\" class=\"attachment-100x78 size-100x78\" alt=\"\" loading=\"lazy\" style=\"margin-top:0px\" \/><\/a><\/div><div class=\"press\"><a href=\"http:\/\/www.townandcountrymag.com\/leisure\/travel-guide\/\"><img width=\"100\" height=\"78\" src=\"https:\/\/cnz.to\/vf\/wp-content\/uploads\/2013\/10\/towncountry-100x78.jpg\" class=\"attachment-100x78 size-100x78\" alt=\"\" loading=\"lazy\" style=\"margin-top:0px\" \/><\/a><\/div><div class=\"press\"><a href=\"http:\/\/www.usatoday.com\/topic\/3a4bf298-bf54-4309-a8d8-04b38f011bbc\/usa-weekend\/\"><img width=\"100\" height=\"78\" src=\"https:\/\/cnz.to\/vf\/wp-content\/uploads\/2013\/10\/usaweekend-100x78.jpg\" class=\"attachment-100x78 size-100x78\" alt=\"\" loading=\"lazy\" style=\"margin-top:0px\" \/><\/a><\/div>\t\t<\/div>\n\t\t\n<p><i>Articles complets et r\u00e9f\u00e9rences <a href=\"https:\/\/cnz.to\/contact\/\">sur simple demande<\/a>.<\/i><\/p>\n","protected":false},"excerpt":{"rendered":"<p>Clotilde Dusoulier a dix ans d&rsquo;exp\u00e9rience comme cuisini\u00e8re \u00e9clair\u00e9e, journaliste pour la presse fran\u00e7aise et internationale, auteur et consultante culinaire. [&hellip;]<\/p>\n","protected":false},"author":1,"featured_media":0,"parent":0,"menu_order":0,"comment_status":"open","ping_status":"open","template":"","meta":{"om_disable_all_campaigns":false,"_mi_skip_tracking":false},"acf":[],"yoast_head":"<!-- This site is optimized with the Yoast SEO plugin v19.10 - https:\/\/yoast.com\/wordpress\/plugins\/seo\/ -->\n<title>Travailler avec Clotilde | Chocolate &amp; Zucchini<\/title>\n<meta name=\"description\" content=\"Clotilde Dusoulier a dix ans d&#039;exp\u00e9rience en tant que journaliste, auteur et consultante culinaire. Contactez-la pour travailler avec elle.\" \/>\n<meta name=\"robots\" content=\"index, follow, max-snippet:-1, max-image-preview:large, max-video-preview:-1\" \/>\n<link rel=\"canonical\" href=\"https:\/\/cnz.to\/vf\/travailler-avec-clotilde\/\" \/>\n<meta property=\"og:locale\" content=\"fr_FR\" \/>\n<meta property=\"og:type\" content=\"article\" \/>\n<meta property=\"og:title\" content=\"Travailler avec Clotilde | Chocolate &amp; Zucchini\" \/>\n<meta property=\"og:description\" content=\"Clotilde Dusoulier a dix ans d&#039;exp\u00e9rience en tant que journaliste, auteur et consultante culinaire. Contactez-la pour travailler avec elle.\" \/>\n<meta property=\"og:url\" content=\"https:\/\/cnz.to\/vf\/travailler-avec-clotilde\/\" \/>\n<meta property=\"og:site_name\" content=\"Chocolate &amp; Zucchini\" \/>\n<meta property=\"article:publisher\" content=\"https:\/\/www.facebook.com\/choczuc\/\" \/>\n<meta property=\"article:modified_time\" content=\"2015-11-23T13:56:18+00:00\" \/>\n<meta property=\"og:image\" content=\"https:\/\/cnz.to\/vf\/wp-content\/uploads\/2015\/11\/brocoli.jpg\" \/>\n\t<meta property=\"og:image:width\" content=\"427\" \/>\n\t<meta property=\"og:image:height\" content=\"640\" \/>\n\t<meta property=\"og:image:type\" content=\"image\/jpeg\" \/>\n<meta name=\"twitter:card\" content=\"summary_large_image\" \/>\n<meta name=\"twitter:site\" content=\"@clotildenet\" \/>\n<meta name=\"twitter:label1\" content=\"Est. reading time\" \/>\n\t<meta name=\"twitter:data1\" content=\"1 minute\" \/>\n<script type=\"application\/ld+json\" class=\"yoast-schema-graph\">{\"@context\":\"https:\/\/schema.org\",\"@graph\":[{\"@type\":\"WebPage\",\"@id\":\"https:\/\/cnz.to\/vf\/travailler-avec-clotilde\/\",\"url\":\"https:\/\/cnz.to\/vf\/travailler-avec-clotilde\/\",\"name\":\"Travailler avec Clotilde | Chocolate &amp; Zucchini\",\"isPartOf\":{\"@id\":\"https:\/\/cnz.to\/vf\/#website\"},\"datePublished\":\"2013-10-01T22:12:06+00:00\",\"dateModified\":\"2015-11-23T13:56:18+00:00\",\"description\":\"Clotilde Dusoulier a dix ans d'exp\u00e9rience en tant que journaliste, auteur et consultante culinaire. Contactez-la pour travailler avec elle.\",\"breadcrumb\":{\"@id\":\"https:\/\/cnz.to\/vf\/travailler-avec-clotilde\/#breadcrumb\"},\"inLanguage\":\"fr-FR\",\"potentialAction\":[{\"@type\":\"ReadAction\",\"target\":[\"https:\/\/cnz.to\/vf\/travailler-avec-clotilde\/\"]}]},{\"@type\":\"BreadcrumbList\",\"@id\":\"https:\/\/cnz.to\/vf\/travailler-avec-clotilde\/#breadcrumb\",\"itemListElement\":[{\"@type\":\"ListItem\",\"position\":1,\"name\":\"Home\",\"item\":\"https:\/\/cnz.to\/vf\/\"},{\"@type\":\"ListItem\",\"position\":2,\"name\":\"Travailler avec Clotilde\"}]},{\"@type\":\"WebSite\",\"@id\":\"https:\/\/cnz.to\/vf\/#website\",\"url\":\"https:\/\/cnz.to\/vf\/\",\"name\":\"Chocolate &amp; Zucchini\",\"description\":\"Recettes simples et astucieuses au fil des saisons\",\"potentialAction\":[{\"@type\":\"SearchAction\",\"target\":{\"@type\":\"EntryPoint\",\"urlTemplate\":\"https:\/\/cnz.to\/vf\/?s={search_term_string}\"},\"query-input\":\"required name=search_term_string\"}],\"inLanguage\":\"fr-FR\"}]}<\/script>\n<!-- \/ Yoast SEO plugin. -->","yoast_head_json":{"title":"Travailler avec Clotilde | Chocolate &amp; Zucchini","description":"Clotilde Dusoulier a dix ans d'exp\u00e9rience en tant que journaliste, auteur et consultante culinaire. Contactez-la pour travailler avec elle.","robots":{"index":"index","follow":"follow","max-snippet":"max-snippet:-1","max-image-preview":"max-image-preview:large","max-video-preview":"max-video-preview:-1"},"canonical":"https:\/\/cnz.to\/vf\/travailler-avec-clotilde\/","og_locale":"fr_FR","og_type":"article","og_title":"Travailler avec Clotilde | Chocolate &amp; Zucchini","og_description":"Clotilde Dusoulier a dix ans d'exp\u00e9rience en tant que journaliste, auteur et consultante culinaire. Contactez-la pour travailler avec elle.","og_url":"https:\/\/cnz.to\/vf\/travailler-avec-clotilde\/","og_site_name":"Chocolate &amp; Zucchini","article_publisher":"https:\/\/www.facebook.com\/choczuc\/","article_modified_time":"2015-11-23T13:56:18+00:00","og_image":[{"width":427,"height":640,"url":"https:\/\/cnz.to\/vf\/wp-content\/uploads\/2015\/11\/brocoli.jpg","type":"image\/jpeg"}],"twitter_card":"summary_large_image","twitter_site":"@clotildenet","twitter_misc":{"Est. reading time":"1 minute"},"schema":{"@context":"https:\/\/schema.org","@graph":[{"@type":"WebPage","@id":"https:\/\/cnz.to\/vf\/travailler-avec-clotilde\/","url":"https:\/\/cnz.to\/vf\/travailler-avec-clotilde\/","name":"Travailler avec Clotilde | Chocolate &amp; Zucchini","isPartOf":{"@id":"https:\/\/cnz.to\/vf\/#website"},"datePublished":"2013-10-01T22:12:06+00:00","dateModified":"2015-11-23T13:56:18+00:00","description":"Clotilde Dusoulier a dix ans d'exp\u00e9rience en tant que journaliste, auteur et consultante culinaire. Contactez-la pour travailler avec elle.","breadcrumb":{"@id":"https:\/\/cnz.to\/vf\/travailler-avec-clotilde\/#breadcrumb"},"inLanguage":"fr-FR","potentialAction":[{"@type":"ReadAction","target":["https:\/\/cnz.to\/vf\/travailler-avec-clotilde\/"]}]},{"@type":"BreadcrumbList","@id":"https:\/\/cnz.to\/vf\/travailler-avec-clotilde\/#breadcrumb","itemListElement":[{"@type":"ListItem","position":1,"name":"Home","item":"https:\/\/cnz.to\/vf\/"},{"@type":"ListItem","position":2,"name":"Travailler avec Clotilde"}]},{"@type":"WebSite","@id":"https:\/\/cnz.to\/vf\/#website","url":"https:\/\/cnz.to\/vf\/","name":"Chocolate &amp; Zucchini","description":"Recettes simples et astucieuses au fil des saisons","potentialAction":[{"@type":"SearchAction","target":{"@type":"EntryPoint","urlTemplate":"https:\/\/cnz.to\/vf\/?s={search_term_string}"},"query-input":"required name=search_term_string"}],"inLanguage":"fr-FR"}]}},"_links":{"self":[{"href":"https:\/\/cnz.to\/vf\/wp-json\/wp\/v2\/pages\/68"}],"collection":[{"href":"https:\/\/cnz.to\/vf\/wp-json\/wp\/v2\/pages"}],"about":[{"href":"https:\/\/cnz.to\/vf\/wp-json\/wp\/v2\/types\/page"}],"author":[{"embeddable":true,"href":"https:\/\/cnz.to\/vf\/wp-json\/wp\/v2\/users\/1"}],"replies":[{"embeddable":true,"href":"https:\/\/cnz.to\/vf\/wp-json\/wp\/v2\/comments?post=68"}],"version-history":[{"count":10,"href":"https:\/\/cnz.to\/vf\/wp-json\/wp\/v2\/pages\/68\/revisions"}],"predecessor-version":[{"id":6970,"href":"https:\/\/cnz.to\/vf\/wp-json\/wp\/v2\/pages\/68\/revisions\/6970"}],"wp:attachment":[{"href":"https:\/\/cnz.to\/vf\/wp-json\/wp\/v2\/media?parent=68"}],"curies":[{"name":"wp","href":"https:\/\/api.w.org\/{rel}","templated":true}]}}