{"id":6577,"date":"2015-09-25T16:18:19","date_gmt":"2015-09-25T14:18:19","guid":{"rendered":"https:\/\/cnz.to\/vf\/?page_id=6577"},"modified":"2017-08-17T15:24:15","modified_gmt":"2017-08-17T13:24:15","slug":"jobs","status":"publish","type":"page","link":"https:\/\/cnz.to\/vf\/jobs\/","title":{"rendered":"Chocolate &#038; Zucchini recrute un(e) stagiaire !"},"content":{"rendered":"<p><img loading=\"lazy\" src=\"https:\/\/cnz.to\/vf\/wp-content\/uploads\/2015\/09\/CZ-recrute-760x428.jpg\" alt=\"Chocolate &#038; Zucchini Recrute !\" width=\"760\" height=\"428\" style=\"width:100%\" class=\"alignleft size-large wp-image-10483\" srcset=\"https:\/\/cnz.to\/vf\/wp-content\/uploads\/2015\/09\/CZ-recrute-760x428.jpg 760w, https:\/\/cnz.to\/vf\/wp-content\/uploads\/2015\/09\/CZ-recrute-300x169.jpg 300w, https:\/\/cnz.to\/vf\/wp-content\/uploads\/2015\/09\/CZ-recrute-768x432.jpg 768w, https:\/\/cnz.to\/vf\/wp-content\/uploads\/2015\/09\/CZ-recrute.jpg 1280w\" sizes=\"(max-width: 760px) 100vw, 760px\" \/><\/p>\n<p>Pour m&rsquo;accompagner dans la gestion et l&rsquo;\u00e9volution du site <a href=\"http:\/\/cnz.to\">Chocolate &amp; Zucchini<\/a> et du podcast <a href=\"http:\/\/changemavie.com\">Change ma vie<\/a>, je propose actuellement <b>un stage d&rsquo;assistant(e) de d\u00e9veloppement<\/b>.<\/p>\n<p>Il s&rsquo;agit d&rsquo;un stage conventionn\u00e9 de <b>6 mois<\/b>, \u00e0 pourvoir \u00e0 partir d&rsquo;<b>octobre 2017<\/b>.<\/p>\n<h3>Contenu du stage<\/h3>\n<p>Vous interviendrez sur les domaines suivants, sur le blog comme sur le podcast :<\/p>\n<p>&#8211; <b>Travail \u00e9ditorial<\/b> : programmation, pr\u00e9paration, d\u00e9veloppement et promotions des contenus<br \/>\n&#8211; Animation des <b>r\u00e9seaux sociaux<\/b> et community management<br \/>\n&#8211; Reflexion et \u00e9laboration de <b>strat\u00e9gies de d\u00e9veloppement<\/b>, \u00e9valuation des opportunit\u00e9s<br \/>\n&#8211; Recherche de <b>sponsors<\/b> et \u00e9tablissement de partenariats<\/p>\n<p>Les qualit\u00e9s du <b>candidat id\u00e9al<\/b> :<\/p>\n<p>&#8211; Enthousiaste, curieux, cr\u00e9atif, autonome, fiable, pr\u00e9cis, sympathique<br \/>\n&#8211; Fort int\u00e9r\u00eat pour la cuisine et le d\u00e9veloppement personnel<br \/>\n&#8211; Grande familiarit\u00e9 avec le monde des blogs et des r\u00e9seaux sociaux<br \/>\n&#8211; Bonne sensibilit\u00e9 graphique<br \/>\n&#8211; Orthographe et expression \u00e9crite impeccables<br \/>\n&#8211; Anglais courant (bilingue encore mieux)<\/p>\n<h3>Environnement de travail<\/h3>\n<p>Je propose un environnement de travail convivial et gai, o\u00f9 les jours se suivent mais ne se ressemblent pas. J&rsquo;ai \u00e0 coeur de vous offrir une <b>exp\u00e9rience vraiment enrichissante<\/b> qui mette \u00e0 profit vos talents et vos comp\u00e9tences, et vous permette de vous d\u00e9velopper dans les domaines qui vous int\u00e9ressent.<\/p>\n<p>Le stage sera effectu\u00e9 en partie \u00e0 <b>Paris 9\u00e8me<\/b> (m\u00e9tro Pigalle) et en partie en t\u00e9l\u00e9travail avec horaires flexibles. Le rythme (temps partiel ou temps plein) est \u00e0 discuter en fonction de vos disponibilit\u00e9s.<\/p>\n<p>Stage r\u00e9mun\u00e9r\u00e9 ; convention de stage indispensable.<\/p>\n<h3>Votre candidature<\/h3>\n<p>Si ce stage vous int\u00e9resse, envoyez un message \u00e0 l&rsquo;adresse <b>cnz-jobs@cnz.to<\/b> avec une lettre de motivation et votre CV. Veuillez joindre les liens vers votre site ou blog le cas \u00e9ch\u00e9ant, et vos comptes Instagram, Pinterest, ou Twitter si vous en avez.<\/p>\n<p>Merci pour votre int\u00e9r\u00eat et \u00e0 tr\u00e8s bient\u00f4t !<\/p>\n<div id=\"mediavine-settings\" data-blacklist-all=\"1\" data-expires-at=\"2017-10-16\"><\/div>\n","protected":false},"excerpt":{"rendered":"<p>Pour m&rsquo;accompagner dans la gestion et l&rsquo;\u00e9volution du site Chocolate &amp; Zucchini et du podcast Change ma vie, je propose [&hellip;]<\/p>\n","protected":false},"author":2,"featured_media":0,"parent":0,"menu_order":0,"comment_status":"open","ping_status":"closed","template":"","meta":{"om_disable_all_campaigns":false,"_mi_skip_tracking":false},"acf":[],"yoast_head":"<!-- This site is optimized with the Yoast SEO plugin v19.10 - https:\/\/yoast.com\/wordpress\/plugins\/seo\/ -->\n<title>Chocolate &amp; Zucchini recrute un(e) stagiaire ! | Chocolate &amp; Zucchini<\/title>\n<meta name=\"description\" content=\"Ce stage d&#039;assistant de d\u00e9veloppement bas\u00e9 \u00e0 Paris est une opportunit\u00e9 unique d&#039;apprendre comment d\u00e9velopper un blog culinaire \u00e0 succ\u00e8s et un podcast !\" \/>\n<meta name=\"robots\" content=\"index, follow, max-snippet:-1, max-image-preview:large, max-video-preview:-1\" \/>\n<link rel=\"canonical\" href=\"https:\/\/cnz.to\/vf\/jobs\/\" \/>\n<meta property=\"og:locale\" content=\"fr_FR\" \/>\n<meta property=\"og:type\" content=\"article\" \/>\n<meta property=\"og:title\" content=\"Chocolate &amp; Zucchini recrute un(e) stagiaire ! | Chocolate &amp; Zucchini\" \/>\n<meta property=\"og:description\" content=\"Ce stage d&#039;assistant de d\u00e9veloppement bas\u00e9 \u00e0 Paris est une opportunit\u00e9 unique d&#039;apprendre comment d\u00e9velopper un blog culinaire \u00e0 succ\u00e8s et un podcast !\" \/>\n<meta property=\"og:url\" content=\"https:\/\/cnz.to\/vf\/jobs\/\" \/>\n<meta property=\"og:site_name\" content=\"Chocolate &amp; Zucchini\" \/>\n<meta property=\"article:publisher\" content=\"https:\/\/www.facebook.com\/choczuc\/\" \/>\n<meta property=\"article:modified_time\" content=\"2017-08-17T13:24:15+00:00\" \/>\n<meta property=\"og:image\" content=\"https:\/\/cnz.to\/vf\/wp-content\/uploads\/2015\/09\/CZ-recrute-760x428.jpg\" \/>\n<meta name=\"twitter:card\" content=\"summary_large_image\" \/>\n<meta name=\"twitter:site\" content=\"@clotildenet\" \/>\n<meta name=\"twitter:label1\" content=\"Est. reading time\" \/>\n\t<meta name=\"twitter:data1\" content=\"2 minutes\" \/>\n<script type=\"application\/ld+json\" class=\"yoast-schema-graph\">{\"@context\":\"https:\/\/schema.org\",\"@graph\":[{\"@type\":\"WebPage\",\"@id\":\"https:\/\/cnz.to\/vf\/jobs\/\",\"url\":\"https:\/\/cnz.to\/vf\/jobs\/\",\"name\":\"Chocolate & Zucchini recrute un(e) stagiaire ! | Chocolate &amp; Zucchini\",\"isPartOf\":{\"@id\":\"https:\/\/cnz.to\/vf\/#website\"},\"datePublished\":\"2015-09-25T14:18:19+00:00\",\"dateModified\":\"2017-08-17T13:24:15+00:00\",\"description\":\"Ce stage d'assistant de d\u00e9veloppement bas\u00e9 \u00e0 Paris est une opportunit\u00e9 unique d'apprendre comment d\u00e9velopper un blog culinaire \u00e0 succ\u00e8s et un podcast !\",\"breadcrumb\":{\"@id\":\"https:\/\/cnz.to\/vf\/jobs\/#breadcrumb\"},\"inLanguage\":\"fr-FR\",\"potentialAction\":[{\"@type\":\"ReadAction\",\"target\":[\"https:\/\/cnz.to\/vf\/jobs\/\"]}]},{\"@type\":\"BreadcrumbList\",\"@id\":\"https:\/\/cnz.to\/vf\/jobs\/#breadcrumb\",\"itemListElement\":[{\"@type\":\"ListItem\",\"position\":1,\"name\":\"Home\",\"item\":\"https:\/\/cnz.to\/vf\/\"},{\"@type\":\"ListItem\",\"position\":2,\"name\":\"Chocolate &#038; Zucchini recrute un(e) stagiaire !\"}]},{\"@type\":\"WebSite\",\"@id\":\"https:\/\/cnz.to\/vf\/#website\",\"url\":\"https:\/\/cnz.to\/vf\/\",\"name\":\"Chocolate &amp; Zucchini\",\"description\":\"Recettes simples et astucieuses au fil des saisons\",\"potentialAction\":[{\"@type\":\"SearchAction\",\"target\":{\"@type\":\"EntryPoint\",\"urlTemplate\":\"https:\/\/cnz.to\/vf\/?s={search_term_string}\"},\"query-input\":\"required name=search_term_string\"}],\"inLanguage\":\"fr-FR\"}]}<\/script>\n<!-- \/ Yoast SEO plugin. -->","yoast_head_json":{"title":"Chocolate & Zucchini recrute un(e) stagiaire ! | Chocolate &amp; Zucchini","description":"Ce stage d'assistant de d\u00e9veloppement bas\u00e9 \u00e0 Paris est une opportunit\u00e9 unique d'apprendre comment d\u00e9velopper un blog culinaire \u00e0 succ\u00e8s et un podcast !","robots":{"index":"index","follow":"follow","max-snippet":"max-snippet:-1","max-image-preview":"max-image-preview:large","max-video-preview":"max-video-preview:-1"},"canonical":"https:\/\/cnz.to\/vf\/jobs\/","og_locale":"fr_FR","og_type":"article","og_title":"Chocolate & Zucchini recrute un(e) stagiaire ! | Chocolate &amp; Zucchini","og_description":"Ce stage d'assistant de d\u00e9veloppement bas\u00e9 \u00e0 Paris est une opportunit\u00e9 unique d'apprendre comment d\u00e9velopper un blog culinaire \u00e0 succ\u00e8s et un podcast !","og_url":"https:\/\/cnz.to\/vf\/jobs\/","og_site_name":"Chocolate &amp; Zucchini","article_publisher":"https:\/\/www.facebook.com\/choczuc\/","article_modified_time":"2017-08-17T13:24:15+00:00","og_image":[{"url":"https:\/\/cnz.to\/vf\/wp-content\/uploads\/2015\/09\/CZ-recrute-760x428.jpg"}],"twitter_card":"summary_large_image","twitter_site":"@clotildenet","twitter_misc":{"Est. reading time":"2 minutes"},"schema":{"@context":"https:\/\/schema.org","@graph":[{"@type":"WebPage","@id":"https:\/\/cnz.to\/vf\/jobs\/","url":"https:\/\/cnz.to\/vf\/jobs\/","name":"Chocolate & Zucchini recrute un(e) stagiaire ! | Chocolate &amp; Zucchini","isPartOf":{"@id":"https:\/\/cnz.to\/vf\/#website"},"datePublished":"2015-09-25T14:18:19+00:00","dateModified":"2017-08-17T13:24:15+00:00","description":"Ce stage d'assistant de d\u00e9veloppement bas\u00e9 \u00e0 Paris est une opportunit\u00e9 unique d'apprendre comment d\u00e9velopper un blog culinaire \u00e0 succ\u00e8s et un podcast !","breadcrumb":{"@id":"https:\/\/cnz.to\/vf\/jobs\/#breadcrumb"},"inLanguage":"fr-FR","potentialAction":[{"@type":"ReadAction","target":["https:\/\/cnz.to\/vf\/jobs\/"]}]},{"@type":"BreadcrumbList","@id":"https:\/\/cnz.to\/vf\/jobs\/#breadcrumb","itemListElement":[{"@type":"ListItem","position":1,"name":"Home","item":"https:\/\/cnz.to\/vf\/"},{"@type":"ListItem","position":2,"name":"Chocolate &#038; Zucchini recrute un(e) stagiaire !"}]},{"@type":"WebSite","@id":"https:\/\/cnz.to\/vf\/#website","url":"https:\/\/cnz.to\/vf\/","name":"Chocolate &amp; Zucchini","description":"Recettes simples et astucieuses au fil des saisons","potentialAction":[{"@type":"SearchAction","target":{"@type":"EntryPoint","urlTemplate":"https:\/\/cnz.to\/vf\/?s={search_term_string}"},"query-input":"required name=search_term_string"}],"inLanguage":"fr-FR"}]}},"_links":{"self":[{"href":"https:\/\/cnz.to\/vf\/wp-json\/wp\/v2\/pages\/6577"}],"collection":[{"href":"https:\/\/cnz.to\/vf\/wp-json\/wp\/v2\/pages"}],"about":[{"href":"https:\/\/cnz.to\/vf\/wp-json\/wp\/v2\/types\/page"}],"author":[{"embeddable":true,"href":"https:\/\/cnz.to\/vf\/wp-json\/wp\/v2\/users\/2"}],"replies":[{"embeddable":true,"href":"https:\/\/cnz.to\/vf\/wp-json\/wp\/v2\/comments?post=6577"}],"version-history":[{"count":22,"href":"https:\/\/cnz.to\/vf\/wp-json\/wp\/v2\/pages\/6577\/revisions"}],"predecessor-version":[{"id":6632,"href":"https:\/\/cnz.to\/vf\/wp-json\/wp\/v2\/pages\/6577\/revisions\/6632"}],"wp:attachment":[{"href":"https:\/\/cnz.to\/vf\/wp-json\/wp\/v2\/media?parent=6577"}],"curies":[{"name":"wp","href":"https:\/\/api.w.org\/{rel}","templated":true}]}}