{"id":6,"date":"2013-09-30T02:51:18","date_gmt":"2013-09-30T02:51:18","guid":{"rendered":"https:\/\/cnz.to\/vf\/?page_id=6"},"modified":"2018-03-06T22:55:57","modified_gmt":"2018-03-06T21:55:57","slug":"a-propos","status":"publish","type":"page","link":"https:\/\/cnz.to\/vf\/a-propos\/","title":{"rendered":"A propos de Chocolate &#038; Zucchini"},"content":{"rendered":"<div id=\"attachment_11130\" class=\"wp-caption alignnone\" style=\"width: 100%\"><img loading=\"lazy\" src=\"https:\/\/cnz.to\/vf\/wp-content\/uploads\/2013\/09\/CLOTILDE-Fabien-Courmont-16-760.jpg\" alt=\"Clotilde Dusoulier\" width=\"760\" height=\"507\" style=\"width:100%\" class=\"size-full wp-image-11130\" srcset=\"https:\/\/cnz.to\/vf\/wp-content\/uploads\/2013\/09\/CLOTILDE-Fabien-Courmont-16-760.jpg 760w, https:\/\/cnz.to\/vf\/wp-content\/uploads\/2013\/09\/CLOTILDE-Fabien-Courmont-16-760-300x200.jpg 300w, https:\/\/cnz.to\/vf\/wp-content\/uploads\/2013\/09\/CLOTILDE-Fabien-Courmont-16-760-355x237.jpg 355w\" sizes=\"(max-width: 760px) 100vw, 760px\" \/><p class=\"wp-caption-text\">Photo : Fabien Courmont<\/p><\/div>\n<p>Je suis <b>Clotilde Dusoulier<\/b> et je vis dans le quartier de Montmartre, \u00e0 Paris, avec mon mari Maxence (voici le r\u00e9cit de notre <a href=\"https:\/\/cnz.to\/vf\/paris\/mon-mariage-parisien\/\">mariage parisien<\/a>) et nos deux petits gar\u00e7ons, Milan et Mika. J&rsquo;ai cr\u00e9\u00e9 ce blog pour savourer les petits bonheurs de la table et <b>remettre de la magie dans la cuisine du quotidien<\/b><\/p>\n<p>Si vous aimez cuisiner mais que vous \u00eates frustr\u00e9 de <b>ne pas avoir assez de temps<\/b> pour pr\u00e9parer de bons repas pour vous et votre famille ; si vous \u00eates lass\u00e9 de cuisiner tout le temps <b>les m\u00eames plats<\/b> ; si vous \u00eates \u00e0 la recherche d&rsquo;<b>id\u00e9es fra\u00eeches<\/b> qui soient \u00e0 la fois <b>faciles et originales<\/b>, vous \u00eates pile au bon endroit !<\/p>\n<p>Je mets l&rsquo;accent sur une cuisine <b>fra\u00eeche, color\u00e9e et rythm\u00e9e par les saisons<\/b> qui laisse autant de place aux plats bons et sains qu&rsquo;aux douceurs et aux desserts.<\/p>\n<p>Mon style, c&rsquo;est \u00e7a : des recettes <b>simples et accessibles<\/b>, avec la petite touche de <b>cr\u00e9ativit\u00e9<\/b> qui change tout et qui vous donne envie de vous pr\u00e9cipiter en cuisine pour go\u00fbter \u00e7a et faire plaisir \u00e0 ceux que vous aimez.<\/p>\n<p>Je suis connue pour <b>la pr\u00e9cision<\/b> de mes recettes qui ne laissent personne au bord de la route : quel que soit votre niveau et votre exp\u00e9rience, le succ\u00e8s sera au rendez-vous, et je suis tr\u00e8s pr\u00e9sente dans les commentaires pour r\u00e9pondre \u00e0 vos \u00e9ventuelles questions.<\/p>\n<p>Mon ambition, ce n&rsquo;est pas seulement de vous livrer des recettes ; c&rsquo;est de vous inspirer et de vous apprendre tout ce que je sais pour que vous puissiez <b>vous \u00e9panouir en cuisine<\/b>, d\u00e9velopper votre r\u00e9pertoire, et au final r\u00e9ussir \u00e0 cuisiner de fa\u00e7on intuitive et sans recette. Et ma passion ne s&rsquo;arr\u00eate pas \u00e0 l&rsquo;alimentation : je suis fascin\u00e9e par les histoires qui se cachent derri\u00e8re, et vous verrez qu&rsquo;elles peuplent mes billets.<\/p>\n<p><img loading=\"lazy\" class=\"alignright size-full wp-image-7455\" src=\"https:\/\/cnz.to\/vf\/wp-content\/uploads\/2013\/09\/clotilde_market.jpg\" alt=\"Clotilde Dusoulier\" width=\"300\" height=\"450\" srcset=\"https:\/\/cnz.to\/vf\/wp-content\/uploads\/2013\/09\/clotilde_market.jpg 300w, https:\/\/cnz.to\/vf\/wp-content\/uploads\/2013\/09\/clotilde_market-200x300.jpg 200w\" sizes=\"(max-width: 300px) 100vw, 300px\" \/>Comme je suis <b>parisienne<\/b>, ma cuisine est inspir\u00e9e par l&rsquo;excitante sc\u00e8ne culinaire de la capitale, ses commer\u00e7ants pointus, ses artisans talentueux et ses chefs innovants. Et comme j&rsquo;ai v\u00e9cu aux Etats-Unis et que j&rsquo;ai volontiers l&rsquo;app\u00e9tit voyageur, ces tendances et ces saveurs d&rsquo;ailleurs influencent aussi mon style.<\/p>\n<p>Envie de me rejoindre ? Inscrivez-vous \u00e0 ma <a href=\"https:\/\/cnz.to\/vf\/newsletter\/\">newsletter<\/a> et je vous enverrai r\u00e9guli\u00e8rement (et gratuitement !) mes meilleures id\u00e9es et recettes. Et suivez-moi aussi sur <a href=\"https:\/\/pinterest.com\/clotildenet\">Pinterest<\/a>, <a href=\"http:\/\/instagram.com\/clotildenet\">Instagram<\/a>, <a href=\"https:\/\/twitter.com\/clotildenet\">Twitter<\/a> et <a href=\"https:\/\/www.facebook.com\/choczucvf\">Facebook<\/a>!<\/p>\n<h3>A propos de Chocolate &amp; Zucchini, mon blog culinaire<\/h3>\n<p>J&rsquo;ai cr\u00e9\u00e9 Chocolate &amp; Zucchini en septembre 2003, et son succ\u00e8s m&rsquo;a rapidement permis de me consacrer \u00e0 plein temps <strong>\u00e0 la cuisine et \u00e0 l&rsquo;\u00e9criture<\/strong>. Aujourd&rsquo;hui, j&rsquo;\u00e9cris pour la presse en France et \u00e0 l&rsquo;\u00e9tranger, je r\u00e9dige <a href=\"https:\/\/cnz.to\/vf\/livres\/\">des livres<\/a>, je d\u00e9veloppe des recettes, je donne des conf\u00e9rences, et je fais du conseil culinaire (plus d&rsquo;infos sur <a href=\"https:\/\/cnz.to\/vf\/travailler-avec-clotilde\/\">mes activit\u00e9s<\/a>). Si vous avez un projet dont vous aimeriez me parler, n&rsquo;h\u00e9sitez pas \u00e0 <a href=\"https:\/\/cnz.to\/vf\/contact\/\">me contacter<\/a> !<\/p>\n<h3>Pourquoi \u00ab\u00a0Chocolate &amp; Zucchini\u00a0\u00bb ?<\/h3>\n<p>C&rsquo;est une fa\u00e7on d&rsquo;illustrer les deux facettes de ma personnalit\u00e9 culinaire : la <strong>courgette<\/strong> (qu&rsquo;on appelle <i>zucchini<\/i> chez les Italiens et les Am\u00e9ricains) symbolise mon int\u00e9r\u00eat pour la cuisine saine, les produits frais et artisanaux, de pr\u00e9f\u00e9rence locaux et bio, tandis que le <strong>chocolat<\/strong> repr\u00e9sente mon go\u00fbt tout aussi marqu\u00e9 pour les (bons) desserts, et le chocolat en particulier. (Je suis d&rsquo;ailleurs membre du <a href=\"https:\/\/cnz.to\/vf\/paris\/evenements\/le-club-des-croqueurs-de-chocolat\/\">Club des Croqueurs<\/a>, ou l&rsquo;on s&rsquo;entra\u00eene \u00e0 <a href=\"https:\/\/cnz.to\/vf\/trucs-et-astuces\/comment-deguster-le-chocolat\/\">d\u00e9guster le chocolat<\/a> !)<\/p>\n<h3>Comment puis-je m&rsquo;abonner \u00e0 Chocolate &amp; Zucchini ?<\/h3>\n<p>C&rsquo;est facile et gratuit : vous pouvez vous inscrire pour recevoir <a href=\"https:\/\/cnz.to\/vf\/newsletter\/\">la newsletter<\/a>, ou bien ajouter <a href=\"https:\/\/cnz.to\/vf\/feed\/\">le fil RSS<\/a> \u00e0 votre agr\u00e9gateur favori. Vous pouvez aussi me suivre sur les r\u00e9seaux sociaux. Je suis pr\u00e9sente sur <a href=\"https:\/\/pinterest.com\/clotildenet\">Pinterest<\/a>, <a href=\"http:\/\/instagram.com\/clotildenet\">Instagram<\/a>, <a href=\"https:\/\/twitter.com\/clotildenet\">Twitter<\/a> et <a href=\"https:\/\/www.facebook.com\/choczucvf\">Facebook<\/a>.<\/p>\n<h3>Comment peut-on te contacter ?<\/h3>\n<p>Vous pouvez laisser un commentaire \u00e0 la fin de chaque billet, ou <a href=\"https:\/\/cnz.to\/vf\/contact\/\">utiliser ce formulaire<\/a> pour m&rsquo;\u00e9crire directement. Je m&rsquo;efforce de r\u00e9pondre \u00e0 tous les messages que je re\u00e7ois.<\/p>\n<h3>Es-tu fran\u00e7aise ou am\u00e9ricaine ?<\/h3>\n<p>Je suis fran\u00e7aise. Je suis n\u00e9e et j&rsquo;ai grandi \u00e0 Paris, mais j&rsquo;ai travaill\u00e9 pendant deux ans dans la Silicon Valley, pr\u00e8s de San Francisco, juste apr\u00e8s mes \u00e9tudes. Comme on y mange bigrement bien, c&rsquo;est en Californie que j&rsquo;ai commenc\u00e9 \u00e0 m&rsquo;int\u00e9resser \u00e0 la gastronomie. Je suis tr\u00e8s impr\u00e9gn\u00e9e de culture anglo-saxonne, et ma fa\u00e7on de cuisiner s&rsquo;en trouve nettement influenc\u00e9e.<\/p>\n<h3>Pourquoi certaines recettes ne sont-elles disponibles qu&rsquo;en anglais ?<\/h3>\n<p>Lorsque j&rsquo;ai cr\u00e9\u00e9 Chocolate &amp; Zucchini en 2003, la poign\u00e9e de blogs de cuisine qui existaient \u00e0 l&rsquo;\u00e9poque \u00e9taient tous r\u00e9dig\u00e9s en anglais, et c&rsquo;est donc dans cette langue que j&rsquo;ai commenc\u00e9 \u00e0 \u00e9crire. Ayant de plus en plus de lecteurs en France &#8212; pour mon plus grand plaisir ! &#8212; j&rsquo;ai cr\u00e9\u00e9 \u00e0 l&rsquo;automne 2007 la version fran\u00e7aise de Chocolate &amp; Zucchini, et le contenu est publi\u00e9 dans les deux langues depuis cette date.<\/p>\n<p>Si vous bloquez sur une recette disponible en anglais seulement, n&rsquo;h\u00e9sitez pas \u00e0 <a href=\"https:\/\/cnz.to\/vf\/contact\/\">me le signaler<\/a> : je la mettrai en priorit\u00e9 sur ma liste de recettes \u00e0 traduire. Et en attendant, vous pouvez aussi utiliser le <a href=\"http:\/\/translate.google.fr\/\">moteur de traduction<\/a> de Google, qui se d\u00e9brouille plut\u00f4t pas mal avec les recettes.<\/p>\n<h3>As-tu suivi une formation culinaire ?<\/h3>\n<p>Mes connaissances culinaires, je les ai principalement acquises en observant ma m\u00e8re, en lisant des livres, des magazines, et des blogs, et en bricolant toute seule dans ma cuisine. J&rsquo;ai suivi le <a href=\"https:\/\/cnz.to\/archives\/2006\/02\/traditional_french_cooking_class_update.php\" target=\"_self\">cours de cuisine traditionnelle<\/a> de la Mairie de Paris il y a quelques ann\u00e9es, mais j&rsquo;ai fait mes \u00ab\u00a0vraies \u00e9tudes\u00a0\u00bb en informatique de gestion \u00e0 l&rsquo;Universit\u00e9 Paris-IX-Dauphine.<\/p>\n<h3>Qui prend les photos pour Chocolate &amp; Zucchini ?<\/h3>\n<p>Toutes les photos publi\u00e9es sur Chocolate &amp; Zucchini sont de moi, sauf indication contraire.<\/p>\n<h3><a href=\"http:\/\/www.amazon.fr\/dp\/2012318398?tag=chocolzucchi-21\"><img loading=\"lazy\" class=\"alignright size-full wp-image-6056\" src=\"https:\/\/cnz.to\/vf\/wp-content\/uploads\/2015\/01\/veggivore190x246.jpg\" alt=\"Veggivore\" width=\"190\" height=\"246\" \/><\/a>Quel appareil photo utilises-tu ?<\/h3>\n<p>Actuellement j&rsquo;utilise un <a href=\"http:\/\/www.amazon.fr\/dp\/B00763MHB4?tag=chocolzucchi-21\">bo\u00eetier Nikon D800<\/a> avec un <a href=\"http:\/\/www.amazon.fr\/dp\/B00005LE72?tag=chocolzucchi-21\">objectif Nikon 35mm f\/2D<\/a> et un <a href=\"http:\/\/www.amazon.fr\/dp\/B000MQFQU6?tag=chocolzucchi-21\">tr\u00e9pied Manfrotto 190XPROB<\/a>. Je suis ravie de cette configuration.<\/p>\n<h3>O\u00f9 puis-je trouver tes livres ?<\/h3>\n<p>Mon tout dernier s&rsquo;intitule <a href=\"http:\/\/www.amazon.fr\/dp\/2012318398?tag=chocolzucchi-21\">Veggivore<\/a>, et c&rsquo;est un chouette livre sur la cuisine des l\u00e9gumes, avec des recettes organis\u00e9es par saison, et plein de conseils, d&rsquo;astuces et d&rsquo;histoires autour des plats. Je crois qu&rsquo;il vous plaira.<\/p>\n<p>Vous trouverez aussi plus d&rsquo;informations sur <a href=\"https:\/\/cnz.to\/vf\/livres\/\">les autres livres<\/a> que j&rsquo;ai \u00e9crits ou sur lesquels j&rsquo;ai travaill\u00e9.<\/p>\n","protected":false},"excerpt":{"rendered":"<p>Je suis Clotilde Dusoulier et je vis dans le quartier de Montmartre, \u00e0 Paris, avec mon mari Maxence (voici le [&hellip;]<\/p>\n","protected":false},"author":1,"featured_media":0,"parent":0,"menu_order":0,"comment_status":"open","ping_status":"open","template":"","meta":{"om_disable_all_campaigns":false,"_mi_skip_tracking":false},"acf":[],"yoast_head":"<!-- This site is optimized with the Yoast SEO plugin v19.10 - https:\/\/yoast.com\/wordpress\/plugins\/seo\/ -->\n<title>A propos de Chocolate &amp; Zucchini | Chocolate &amp; Zucchini<\/title>\n<meta name=\"description\" content=\"Pour en savoir plus \u00e0 propos de Chocolate &amp; Zucchini, un blog culinaire simple et frais, et sur son auteur la journaliste culinaire Clotilde Dusoulier.\" \/>\n<meta name=\"robots\" content=\"index, follow, max-snippet:-1, max-image-preview:large, max-video-preview:-1\" \/>\n<link rel=\"canonical\" href=\"https:\/\/cnz.to\/vf\/a-propos\/\" \/>\n<meta property=\"og:locale\" content=\"fr_FR\" \/>\n<meta property=\"og:type\" content=\"article\" \/>\n<meta property=\"og:title\" content=\"A propos de Chocolate &amp; Zucchini | Chocolate &amp; Zucchini\" \/>\n<meta property=\"og:description\" content=\"Pour en savoir plus \u00e0 propos de Chocolate &amp; Zucchini, un blog culinaire simple et frais, et sur son auteur la journaliste culinaire Clotilde Dusoulier.\" \/>\n<meta property=\"og:url\" content=\"https:\/\/cnz.to\/vf\/a-propos\/\" \/>\n<meta property=\"og:site_name\" content=\"Chocolate &amp; Zucchini\" \/>\n<meta property=\"article:publisher\" content=\"https:\/\/www.facebook.com\/choczuc\/\" \/>\n<meta property=\"article:modified_time\" content=\"2018-03-06T21:55:57+00:00\" \/>\n<meta property=\"og:image\" content=\"https:\/\/cnz.to\/vf\/wp-content\/uploads\/2013\/09\/CLOTILDE-Fabien-Courmont-16-760.jpg\" \/>\n<meta name=\"twitter:card\" content=\"summary_large_image\" \/>\n<meta name=\"twitter:site\" content=\"@clotildenet\" \/>\n<meta name=\"twitter:label1\" content=\"Est. reading time\" \/>\n\t<meta name=\"twitter:data1\" content=\"5 minutes\" \/>\n<script type=\"application\/ld+json\" class=\"yoast-schema-graph\">{\"@context\":\"https:\/\/schema.org\",\"@graph\":[{\"@type\":\"WebPage\",\"@id\":\"https:\/\/cnz.to\/vf\/a-propos\/\",\"url\":\"https:\/\/cnz.to\/vf\/a-propos\/\",\"name\":\"A propos de Chocolate & Zucchini | Chocolate &amp; Zucchini\",\"isPartOf\":{\"@id\":\"https:\/\/cnz.to\/vf\/#website\"},\"datePublished\":\"2013-09-30T02:51:18+00:00\",\"dateModified\":\"2018-03-06T21:55:57+00:00\",\"description\":\"Pour en savoir plus \u00e0 propos de Chocolate & Zucchini, un blog culinaire simple et frais, et sur son auteur la journaliste culinaire Clotilde Dusoulier.\",\"breadcrumb\":{\"@id\":\"https:\/\/cnz.to\/vf\/a-propos\/#breadcrumb\"},\"inLanguage\":\"fr-FR\",\"potentialAction\":[{\"@type\":\"ReadAction\",\"target\":[\"https:\/\/cnz.to\/vf\/a-propos\/\"]}]},{\"@type\":\"BreadcrumbList\",\"@id\":\"https:\/\/cnz.to\/vf\/a-propos\/#breadcrumb\",\"itemListElement\":[{\"@type\":\"ListItem\",\"position\":1,\"name\":\"Home\",\"item\":\"https:\/\/cnz.to\/vf\/\"},{\"@type\":\"ListItem\",\"position\":2,\"name\":\"A propos de Chocolate &#038; Zucchini\"}]},{\"@type\":\"WebSite\",\"@id\":\"https:\/\/cnz.to\/vf\/#website\",\"url\":\"https:\/\/cnz.to\/vf\/\",\"name\":\"Chocolate &amp; Zucchini\",\"description\":\"Recettes simples et astucieuses au fil des saisons\",\"potentialAction\":[{\"@type\":\"SearchAction\",\"target\":{\"@type\":\"EntryPoint\",\"urlTemplate\":\"https:\/\/cnz.to\/vf\/?s={search_term_string}\"},\"query-input\":\"required name=search_term_string\"}],\"inLanguage\":\"fr-FR\"}]}<\/script>\n<!-- \/ Yoast SEO plugin. -->","yoast_head_json":{"title":"A propos de Chocolate & Zucchini | Chocolate &amp; Zucchini","description":"Pour en savoir plus \u00e0 propos de Chocolate & Zucchini, un blog culinaire simple et frais, et sur son auteur la journaliste culinaire Clotilde Dusoulier.","robots":{"index":"index","follow":"follow","max-snippet":"max-snippet:-1","max-image-preview":"max-image-preview:large","max-video-preview":"max-video-preview:-1"},"canonical":"https:\/\/cnz.to\/vf\/a-propos\/","og_locale":"fr_FR","og_type":"article","og_title":"A propos de Chocolate & Zucchini | Chocolate &amp; Zucchini","og_description":"Pour en savoir plus \u00e0 propos de Chocolate & Zucchini, un blog culinaire simple et frais, et sur son auteur la journaliste culinaire Clotilde Dusoulier.","og_url":"https:\/\/cnz.to\/vf\/a-propos\/","og_site_name":"Chocolate &amp; Zucchini","article_publisher":"https:\/\/www.facebook.com\/choczuc\/","article_modified_time":"2018-03-06T21:55:57+00:00","og_image":[{"url":"https:\/\/cnz.to\/vf\/wp-content\/uploads\/2013\/09\/CLOTILDE-Fabien-Courmont-16-760.jpg"}],"twitter_card":"summary_large_image","twitter_site":"@clotildenet","twitter_misc":{"Est. reading time":"5 minutes"},"schema":{"@context":"https:\/\/schema.org","@graph":[{"@type":"WebPage","@id":"https:\/\/cnz.to\/vf\/a-propos\/","url":"https:\/\/cnz.to\/vf\/a-propos\/","name":"A propos de Chocolate & Zucchini | Chocolate &amp; Zucchini","isPartOf":{"@id":"https:\/\/cnz.to\/vf\/#website"},"datePublished":"2013-09-30T02:51:18+00:00","dateModified":"2018-03-06T21:55:57+00:00","description":"Pour en savoir plus \u00e0 propos de Chocolate & Zucchini, un blog culinaire simple et frais, et sur son auteur la journaliste culinaire Clotilde Dusoulier.","breadcrumb":{"@id":"https:\/\/cnz.to\/vf\/a-propos\/#breadcrumb"},"inLanguage":"fr-FR","potentialAction":[{"@type":"ReadAction","target":["https:\/\/cnz.to\/vf\/a-propos\/"]}]},{"@type":"BreadcrumbList","@id":"https:\/\/cnz.to\/vf\/a-propos\/#breadcrumb","itemListElement":[{"@type":"ListItem","position":1,"name":"Home","item":"https:\/\/cnz.to\/vf\/"},{"@type":"ListItem","position":2,"name":"A propos de Chocolate &#038; Zucchini"}]},{"@type":"WebSite","@id":"https:\/\/cnz.to\/vf\/#website","url":"https:\/\/cnz.to\/vf\/","name":"Chocolate &amp; Zucchini","description":"Recettes simples et astucieuses au fil des saisons","potentialAction":[{"@type":"SearchAction","target":{"@type":"EntryPoint","urlTemplate":"https:\/\/cnz.to\/vf\/?s={search_term_string}"},"query-input":"required name=search_term_string"}],"inLanguage":"fr-FR"}]}},"_links":{"self":[{"href":"https:\/\/cnz.to\/vf\/wp-json\/wp\/v2\/pages\/6"}],"collection":[{"href":"https:\/\/cnz.to\/vf\/wp-json\/wp\/v2\/pages"}],"about":[{"href":"https:\/\/cnz.to\/vf\/wp-json\/wp\/v2\/types\/page"}],"author":[{"embeddable":true,"href":"https:\/\/cnz.to\/vf\/wp-json\/wp\/v2\/users\/1"}],"replies":[{"embeddable":true,"href":"https:\/\/cnz.to\/vf\/wp-json\/wp\/v2\/comments?post=6"}],"version-history":[{"count":35,"href":"https:\/\/cnz.to\/vf\/wp-json\/wp\/v2\/pages\/6\/revisions"}],"predecessor-version":[{"id":11131,"href":"https:\/\/cnz.to\/vf\/wp-json\/wp\/v2\/pages\/6\/revisions\/11131"}],"wp:attachment":[{"href":"https:\/\/cnz.to\/vf\/wp-json\/wp\/v2\/media?parent=6"}],"curies":[{"name":"wp","href":"https:\/\/api.w.org\/{rel}","templated":true}]}}