{"id":38,"date":"2013-10-01T02:47:24","date_gmt":"2013-10-01T02:47:24","guid":{"rendered":"https:\/\/cnz.to\/vf\/?page_id=38"},"modified":"2015-11-23T14:48:20","modified_gmt":"2015-11-23T13:48:20","slug":"galerie-de-photos","status":"publish","type":"page","link":"https:\/\/cnz.to\/vf\/galerie-de-photos\/","title":{"rendered":"Galerie de photos"},"content":{"rendered":"","protected":false},"excerpt":{"rendered":"","protected":false},"author":1,"featured_media":0,"parent":0,"menu_order":0,"comment_status":"open","ping_status":"open","template":"pt-photogallery.php","meta":{"om_disable_all_campaigns":false,"_mi_skip_tracking":false},"acf":[],"yoast_head":"<!-- This site is optimized with the Yoast SEO plugin v19.10 - https:\/\/yoast.com\/wordpress\/plugins\/seo\/ -->\n<title>Galerie de photos | Chocolate &amp; Zucchini<\/title>\n<meta name=\"description\" content=\"Chocolate &amp; Zucchini regorge de photos d\u00e9licieuses. Cette galerie de photos culinaires va vous donner des id\u00e9es pour le d\u00eener !\" \/>\n<meta name=\"robots\" content=\"index, follow, max-snippet:-1, max-image-preview:large, max-video-preview:-1\" \/>\n<link rel=\"canonical\" href=\"https:\/\/cnz.to\/vf\/galerie-de-photos\/\" \/>\n<meta property=\"og:locale\" content=\"fr_FR\" \/>\n<meta property=\"og:type\" content=\"article\" \/>\n<meta property=\"og:title\" content=\"Galerie de photos | Chocolate &amp; Zucchini\" \/>\n<meta property=\"og:description\" content=\"Chocolate &amp; Zucchini regorge de photos d\u00e9licieuses. Cette galerie de photos culinaires va vous donner des id\u00e9es pour le d\u00eener !\" \/>\n<meta property=\"og:url\" content=\"https:\/\/cnz.to\/vf\/galerie-de-photos\/\" \/>\n<meta property=\"og:site_name\" content=\"Chocolate &amp; Zucchini\" \/>\n<meta property=\"article:publisher\" content=\"https:\/\/www.facebook.com\/choczuc\/\" \/>\n<meta property=\"article:modified_time\" content=\"2015-11-23T13:48:20+00:00\" \/>\n<meta property=\"og:image\" content=\"https:\/\/cnz.to\/vf\/wp-content\/uploads\/2015\/11\/brocoli.jpg\" \/>\n\t<meta property=\"og:image:width\" content=\"427\" \/>\n\t<meta property=\"og:image:height\" content=\"640\" \/>\n\t<meta property=\"og:image:type\" content=\"image\/jpeg\" \/>\n<meta name=\"twitter:card\" content=\"summary_large_image\" \/>\n<meta name=\"twitter:site\" content=\"@clotildenet\" \/>\n<script type=\"application\/ld+json\" class=\"yoast-schema-graph\">{\"@context\":\"https:\/\/schema.org\",\"@graph\":[{\"@type\":\"WebPage\",\"@id\":\"https:\/\/cnz.to\/vf\/galerie-de-photos\/\",\"url\":\"https:\/\/cnz.to\/vf\/galerie-de-photos\/\",\"name\":\"Galerie de photos | Chocolate &amp; Zucchini\",\"isPartOf\":{\"@id\":\"https:\/\/cnz.to\/vf\/#website\"},\"datePublished\":\"2013-10-01T02:47:24+00:00\",\"dateModified\":\"2015-11-23T13:48:20+00:00\",\"description\":\"Chocolate & Zucchini regorge de photos d\u00e9licieuses. Cette galerie de photos culinaires va vous donner des id\u00e9es pour le d\u00eener !\",\"breadcrumb\":{\"@id\":\"https:\/\/cnz.to\/vf\/galerie-de-photos\/#breadcrumb\"},\"inLanguage\":\"fr-FR\",\"potentialAction\":[{\"@type\":\"ReadAction\",\"target\":[\"https:\/\/cnz.to\/vf\/galerie-de-photos\/\"]}]},{\"@type\":\"BreadcrumbList\",\"@id\":\"https:\/\/cnz.to\/vf\/galerie-de-photos\/#breadcrumb\",\"itemListElement\":[{\"@type\":\"ListItem\",\"position\":1,\"name\":\"Home\",\"item\":\"https:\/\/cnz.to\/vf\/\"},{\"@type\":\"ListItem\",\"position\":2,\"name\":\"Galerie de photos\"}]},{\"@type\":\"WebSite\",\"@id\":\"https:\/\/cnz.to\/vf\/#website\",\"url\":\"https:\/\/cnz.to\/vf\/\",\"name\":\"Chocolate &amp; Zucchini\",\"description\":\"Recettes simples et astucieuses au fil des saisons\",\"potentialAction\":[{\"@type\":\"SearchAction\",\"target\":{\"@type\":\"EntryPoint\",\"urlTemplate\":\"https:\/\/cnz.to\/vf\/?s={search_term_string}\"},\"query-input\":\"required name=search_term_string\"}],\"inLanguage\":\"fr-FR\"}]}<\/script>\n<!-- \/ Yoast SEO plugin. -->","yoast_head_json":{"title":"Galerie de photos | Chocolate &amp; Zucchini","description":"Chocolate & Zucchini regorge de photos d\u00e9licieuses. Cette galerie de photos culinaires va vous donner des id\u00e9es pour le d\u00eener !","robots":{"index":"index","follow":"follow","max-snippet":"max-snippet:-1","max-image-preview":"max-image-preview:large","max-video-preview":"max-video-preview:-1"},"canonical":"https:\/\/cnz.to\/vf\/galerie-de-photos\/","og_locale":"fr_FR","og_type":"article","og_title":"Galerie de photos | Chocolate &amp; Zucchini","og_description":"Chocolate & Zucchini regorge de photos d\u00e9licieuses. Cette galerie de photos culinaires va vous donner des id\u00e9es pour le d\u00eener !","og_url":"https:\/\/cnz.to\/vf\/galerie-de-photos\/","og_site_name":"Chocolate &amp; Zucchini","article_publisher":"https:\/\/www.facebook.com\/choczuc\/","article_modified_time":"2015-11-23T13:48:20+00:00","og_image":[{"width":427,"height":640,"url":"https:\/\/cnz.to\/vf\/wp-content\/uploads\/2015\/11\/brocoli.jpg","type":"image\/jpeg"}],"twitter_card":"summary_large_image","twitter_site":"@clotildenet","schema":{"@context":"https:\/\/schema.org","@graph":[{"@type":"WebPage","@id":"https:\/\/cnz.to\/vf\/galerie-de-photos\/","url":"https:\/\/cnz.to\/vf\/galerie-de-photos\/","name":"Galerie de photos | Chocolate &amp; Zucchini","isPartOf":{"@id":"https:\/\/cnz.to\/vf\/#website"},"datePublished":"2013-10-01T02:47:24+00:00","dateModified":"2015-11-23T13:48:20+00:00","description":"Chocolate & Zucchini regorge de photos d\u00e9licieuses. Cette galerie de photos culinaires va vous donner des id\u00e9es pour le d\u00eener !","breadcrumb":{"@id":"https:\/\/cnz.to\/vf\/galerie-de-photos\/#breadcrumb"},"inLanguage":"fr-FR","potentialAction":[{"@type":"ReadAction","target":["https:\/\/cnz.to\/vf\/galerie-de-photos\/"]}]},{"@type":"BreadcrumbList","@id":"https:\/\/cnz.to\/vf\/galerie-de-photos\/#breadcrumb","itemListElement":[{"@type":"ListItem","position":1,"name":"Home","item":"https:\/\/cnz.to\/vf\/"},{"@type":"ListItem","position":2,"name":"Galerie de photos"}]},{"@type":"WebSite","@id":"https:\/\/cnz.to\/vf\/#website","url":"https:\/\/cnz.to\/vf\/","name":"Chocolate &amp; Zucchini","description":"Recettes simples et astucieuses au fil des saisons","potentialAction":[{"@type":"SearchAction","target":{"@type":"EntryPoint","urlTemplate":"https:\/\/cnz.to\/vf\/?s={search_term_string}"},"query-input":"required name=search_term_string"}],"inLanguage":"fr-FR"}]}},"_links":{"self":[{"href":"https:\/\/cnz.to\/vf\/wp-json\/wp\/v2\/pages\/38"}],"collection":[{"href":"https:\/\/cnz.to\/vf\/wp-json\/wp\/v2\/pages"}],"about":[{"href":"https:\/\/cnz.to\/vf\/wp-json\/wp\/v2\/types\/page"}],"author":[{"embeddable":true,"href":"https:\/\/cnz.to\/vf\/wp-json\/wp\/v2\/users\/1"}],"replies":[{"embeddable":true,"href":"https:\/\/cnz.to\/vf\/wp-json\/wp\/v2\/comments?post=38"}],"version-history":[{"count":5,"href":"https:\/\/cnz.to\/vf\/wp-json\/wp\/v2\/pages\/38\/revisions"}],"predecessor-version":[{"id":4018,"href":"https:\/\/cnz.to\/vf\/wp-json\/wp\/v2\/pages\/38\/revisions\/4018"}],"wp:attachment":[{"href":"https:\/\/cnz.to\/vf\/wp-json\/wp\/v2\/media?parent=38"}],"curies":[{"name":"wp","href":"https:\/\/api.w.org\/{rel}","templated":true}]}}