{"id":3281,"date":"2013-10-24T22:45:56","date_gmt":"2013-10-24T20:45:56","guid":{"rendered":"https:\/\/cnz.to\/vf\/?page_id=3281"},"modified":"2016-03-30T14:21:59","modified_gmt":"2016-03-30T12:21:59","slug":"liens","status":"publish","type":"page","link":"https:\/\/cnz.to\/vf\/liens\/","title":{"rendered":"Liens pr\u00e9f\u00e9r\u00e9s"},"content":{"rendered":"<p><em>En plus de ces liens pr\u00e9f\u00e9r\u00e9s en fran\u00e7ais, une liste de <a href=\"https:\/\/cnz.to\/links\/\">liens en anglais<\/a> est \u00e9galement disponible.<\/em><\/p>\n<h2>Blogs culinaires<\/h2>\n<p><a title=\"\" href=\"http:\/\/long.blog.lemonde.fr\" target=\"_blank\" rel=\"nofollow\">A boire et \u00e0 manger<\/a><br \/>\n<a title=\"\" href=\"http:\/\/www.bulleetblog.com\/\" target=\"_blank\" rel=\"nofollow\">Bulle &amp; Blog<\/a><br \/>\n<a title=\"\" href=\"http:\/\/scally.typepad.com\/\" target=\"_blank\" rel=\"nofollow\">C&rsquo;est moi qui l&rsquo;ai fait !<\/a><br \/>\n<a title=\"\" href=\"http:\/\/www.carnetsparisiens.com\" target=\"_blank\" rel=\"nofollow\">Carnets parisiens<\/a><br \/>\n<a title=\"\" href=\"http:\/\/www.christelleisflabbergasting.com\/\" target=\"_blank\" rel=\"nofollow\">Christelle is flabbergasting<\/a><br \/>\n<a title=\"\" href=\"http:\/\/www.cleacuisine.fr\/\" target=\"_blank\" rel=\"nofollow\">Cl\u00e9a cuisine<\/a><br \/>\n<a title=\"\" href=\"http:\/\/www.cuisine-campagne.com\/\" target=\"_blank\" rel=\"nofollow\">Cuisine Campagne<\/a><br \/>\n<a title=\"\" href=\"http:\/\/www.griottes.fr\/\" target=\"_blank\" rel=\"nofollow\">Griottes<\/a><br \/>\n<a title=\"\" href=\"http:\/\/friant.blogspot.com\" target=\"_blank\" rel=\"nofollow\">Ju*|carnets|<\/a><br \/>\n<a title=\"\" href=\"http:\/\/www.lessardinesfilantes.fr\/blog\/\" target=\"_blank\" rel=\"nofollow\">L&rsquo;\u00e9pluche-sardine<\/a><br \/>\n<a title=\"\" href=\"http:\/\/blandineboyer.blogspot.com\/\" target=\"_blank\" rel=\"nofollow\">L&rsquo;\u00e9vier devant la fen\u00eatre<\/a><br \/>\n<a title=\"\" href=\"http:\/\/lapeaudourse.blogspot.com\/\" target=\"_blank\" rel=\"nofollow\">La Peau d&rsquo;Ourse<\/a><br \/>\n<a title=\"\" href=\"http:\/\/chihiromasui.com\/\" target=\"_blank\" rel=\"nofollow\">Le Foodblog de Chihiro<\/a><br \/>\n<a title=\"\" href=\"http:\/\/gastronomie.blog.lemonde.fr\/\" target=\"_blank\" rel=\"nofollow\">Le Ventre libre<\/a><br \/>\n<a title=\"\" href=\"http:\/\/makanaibio.com\/\" target=\"_blank\" rel=\"nofollow\">Makanai<\/a><br \/>\n<a title=\"\" href=\"http:\/\/ptipois.canalblog.com\/\" target=\"_blank\" rel=\"nofollow\">Ptipois<\/a><br \/>\n<a title=\"\" href=\"http:\/\/roseandcook.canalblog.com\" target=\"_blank\" rel=\"nofollow\">Rose &amp; Cook<\/a><\/p>\n<h2>Ressources cuisine et p\u00e2tisserie<\/h2>\n<p><a title=\"\" href=\"https:\/\/cnz.to\/archives\/2006\/09\/conversions_equivalents.php\" target=\"_blank\" rel=\"nofollow\">Conversions &amp; Equivalents<\/a><br \/>\n<a title=\"\" href=\"http:\/\/cuisine.elle.fr\/\" target=\"_blank\" rel=\"nofollow\">ELLE \u00e0 table<\/a><br \/>\n<a title=\"\" href=\"http:\/\/www.lexpress.fr\/styles\/saveurs\/\" target=\"_blank\" rel=\"nofollow\">L&rsquo;Express Saveurs<\/a><br \/>\n<a title=\"\" href=\"http:\/\/madame.lefigaro.fr\/cuisine\" target=\"_blank\" rel=\"nofollow\">Madame Figaro Cuisine<\/a><br \/>\n<a title=\"French recipe website\" href=\"http:\/\/www.marmiton.org\" target=\"_blank\" rel=\"nofollow\">Marmiton<\/a><br \/>\n<a title=\"\" href=\"http:\/\/foodblogsearch.com\/fr\/\" target=\"_blank\" rel=\"nofollow\">Recherche dans les Blogs de Cuisine<\/a><\/p>\n<h2>Blogs et ressources sur Paris<\/h2>\n<p><a title=\"\" href=\"http:\/\/www.etsionsepromenait.com\" target=\"_blank\" rel=\"nofollow\">Et si on se promenait&#8230; \u00e0 Paris<\/a><br \/>\n<a title=\"\" href=\"http:\/\/blogs.lexpress.fr\/restaurant\/\" target=\"_blank\" rel=\"nofollow\">Et toque !<\/a><br \/>\n<a title=\"\" href=\"https:\/\/cnz.to\/vf\/marchesparis.php\" target=\"_blank\" rel=\"nofollow\">March\u00e9s parisiens<\/a><br \/>\n<a title=\"\" href=\"http:\/\/painrisien.com\" target=\"_blank\" rel=\"nofollow\">Painrisien<\/a><br \/>\n<a title=\"\" href=\"http:\/\/www.philippetoinard.com\" target=\"_blank\" rel=\"nofollow\">Philippe Toinard<\/a><br \/>\n<a title=\"\" href=\"http:\/\/www.tableadecouvert.fr\/\" target=\"_blank\" rel=\"nofollow\">Table \u00e0 d\u00e9couvert<\/a><br \/>\n<a title=\"\" href=\"http:\/\/thekitchenaroundthecorner.com\" target=\"_blank\" rel=\"nofollow\">The Kitchen Around The Corner<\/a><\/p>\n<h2>News cuisine et gastronomie<\/h2>\n<p><a title=\"\" href=\"http:\/\/www.atabula.com\/\" target=\"_blank\" rel=\"nofollow\">A Tabula<\/a><br \/>\n<a title=\"\" href=\"http:\/\/blogs.lexpress.fr\/la-soif-du-miam\/\" target=\"_blank\" rel=\"nofollow\">La Soif du Miam<\/a><br \/>\n<a title=\"\" href=\"http:\/\/www.satoriz.fr\" target=\"_blank\" rel=\"nofollow\">Satoriz : reportages, entretiens, points de vue<\/a><br \/>\n<a title=\"\" href=\"http:\/\/www.sofoodsogood.com\/\" target=\"_blank\" rel=\"nofollow\">So Food So Good<\/a><\/p>\n<h2><a name=\"podcasts\"><\/a>Podcasts<\/h2>\n<p><a title=\"\" href=\"http:\/\/www.europe1.fr\/MediaCenter\/Emissions\/Il-n-y-en-a-pas-deux-comme-Elle\/\" target=\"_blank\" rel=\"nofollow\">Il n&rsquo;y en a pas deux comme elle<\/a><br \/>\n<a title=\"\" href=\"http:\/\/www.franceinter.fr\/emission-les-femmes-toute-une-histoire\" target=\"_blank\" rel=\"nofollow\">Les femmes, toute une histoire<\/a><\/p>\n<h2>Inspiration, cr\u00e9ativit\u00e9 et divertissement<\/h2>\n<p><a title=\"\" href=\"http:\/\/www.coupecouture.fr\" target=\"_blank\" rel=\"nofollow\">Coupe Couture<\/a><br \/>\n<a title=\"\" href=\"http:\/\/www.deedeeparis.com\/blog\/\" target=\"_blank\" rel=\"nofollow\">Deedee<\/a><br \/>\n<a title=\"\" href=\"http:\/\/gribou.over-blog.com\/\" target=\"_blank\" rel=\"nofollow\">Gribouillage de nuages<\/a><br \/>\n<a title=\"\" href=\"http:\/\/www.irresistable.fr\/\" target=\"_blank\" rel=\"nofollow\">Irresistable<\/a><br \/>\n<a title=\"\" href=\"http:\/\/blogs.lexpress.fr\/mode-personnel\/\" target=\"_blank\" rel=\"nofollow\">Mode personnel(le)<\/a><br \/>\n<a title=\"\" href=\"http:\/\/www.vertcerise.com\/\" target=\"_blank\" rel=\"nofollow\">Vert Cerise<\/a><\/p>\n<h2>Ressources linguistiques<\/h2>\n<p><a title=\"\" href=\"http:\/\/www.acronymfinder.com\" target=\"_blank\" rel=\"nofollow\">Acronym Finder<\/a><br \/>\n<a title=\"\" href=\"http:\/\/leconjugueur.com\/\" target=\"_blank\" rel=\"nofollow\">Conjugaisons fran\u00e7aises<\/a><br \/>\n<a title=\"\" href=\"http:\/\/dictionary.reference.com\/\" target=\"_blank\" rel=\"nofollow\">Dictionary.com<\/a><br \/>\n<a title=\"\" href=\"http:\/\/www.cnrtl.fr\/definition\/\" target=\"_blank\" rel=\"nofollow\">French Dictionary (CNRTL)<\/a><br \/>\n<a title=\"\" href=\"http:\/\/dictionnaire.tv5.org\/\" target=\"_blank\" rel=\"nofollow\">French Dictionary (TV5Monde)<\/a><br \/>\n<a title=\"\" href=\"https:\/\/cnz.to\/foodglossary.php\" target=\"_blank\" rel=\"nofollow\">French\/English food glossary<\/a><br \/>\n<a title=\"\" href=\"http:\/\/www.urbandictionary.com\/\" target=\"_blank\" rel=\"nofollow\">Urban Dictionary<\/a><br \/>\n<a title=\"Harper Collins multilingual dictionaries\" href=\"http:\/\/www.wordreference.com\" target=\"_blank\" rel=\"nofollow\">WordReference Translations<\/a><\/p>\n","protected":false},"excerpt":{"rendered":"<p>En plus de ces liens pr\u00e9f\u00e9r\u00e9s en fran\u00e7ais, une liste de liens en anglais est \u00e9galement disponible. Blogs culinaires A [&hellip;]<\/p>\n","protected":false},"author":1,"featured_media":0,"parent":0,"menu_order":0,"comment_status":"open","ping_status":"open","template":"","meta":{"om_disable_all_campaigns":false,"_mi_skip_tracking":false},"acf":[],"yoast_head":"<!-- This site is optimized with the Yoast SEO plugin v19.10 - https:\/\/yoast.com\/wordpress\/plugins\/seo\/ -->\n<title>Liens pr\u00e9f\u00e9r\u00e9s | Chocolate &amp; Zucchini<\/title>\n<meta name=\"description\" content=\"Si vous aimez lire Chocolate &amp; Zucchini, vous allez adorer cette liste qui r\u00e9pertorie les liens pr\u00e9f\u00e9r\u00e9s de Clotilde Dusoulier : sites, blogs et podcasts !\" \/>\n<meta name=\"robots\" content=\"index, follow, max-snippet:-1, max-image-preview:large, max-video-preview:-1\" \/>\n<link rel=\"canonical\" href=\"https:\/\/cnz.to\/vf\/liens\/\" \/>\n<meta property=\"og:locale\" content=\"fr_FR\" \/>\n<meta property=\"og:type\" content=\"article\" \/>\n<meta property=\"og:title\" content=\"Liens pr\u00e9f\u00e9r\u00e9s | Chocolate &amp; Zucchini\" \/>\n<meta property=\"og:description\" content=\"Si vous aimez lire Chocolate &amp; Zucchini, vous allez adorer cette liste qui r\u00e9pertorie les liens pr\u00e9f\u00e9r\u00e9s de Clotilde Dusoulier : sites, blogs et podcasts !\" \/>\n<meta property=\"og:url\" content=\"https:\/\/cnz.to\/vf\/liens\/\" \/>\n<meta property=\"og:site_name\" content=\"Chocolate &amp; Zucchini\" \/>\n<meta property=\"article:publisher\" content=\"https:\/\/www.facebook.com\/choczuc\/\" \/>\n<meta property=\"article:modified_time\" content=\"2016-03-30T12:21:59+00:00\" \/>\n<meta property=\"og:image\" content=\"https:\/\/cnz.to\/vf\/wp-content\/uploads\/2015\/11\/brocoli.jpg\" \/>\n\t<meta property=\"og:image:width\" content=\"427\" \/>\n\t<meta property=\"og:image:height\" content=\"640\" \/>\n\t<meta property=\"og:image:type\" content=\"image\/jpeg\" \/>\n<meta name=\"twitter:card\" content=\"summary_large_image\" \/>\n<meta name=\"twitter:site\" content=\"@clotildenet\" \/>\n<meta name=\"twitter:label1\" content=\"Est. reading time\" \/>\n\t<meta name=\"twitter:data1\" content=\"1 minute\" \/>\n<script type=\"application\/ld+json\" class=\"yoast-schema-graph\">{\"@context\":\"https:\/\/schema.org\",\"@graph\":[{\"@type\":\"WebPage\",\"@id\":\"https:\/\/cnz.to\/vf\/liens\/\",\"url\":\"https:\/\/cnz.to\/vf\/liens\/\",\"name\":\"Liens pr\u00e9f\u00e9r\u00e9s | Chocolate &amp; Zucchini\",\"isPartOf\":{\"@id\":\"https:\/\/cnz.to\/vf\/#website\"},\"datePublished\":\"2013-10-24T20:45:56+00:00\",\"dateModified\":\"2016-03-30T12:21:59+00:00\",\"description\":\"Si vous aimez lire Chocolate & Zucchini, vous allez adorer cette liste qui r\u00e9pertorie les liens pr\u00e9f\u00e9r\u00e9s de Clotilde Dusoulier : sites, blogs et podcasts !\",\"breadcrumb\":{\"@id\":\"https:\/\/cnz.to\/vf\/liens\/#breadcrumb\"},\"inLanguage\":\"fr-FR\",\"potentialAction\":[{\"@type\":\"ReadAction\",\"target\":[\"https:\/\/cnz.to\/vf\/liens\/\"]}]},{\"@type\":\"BreadcrumbList\",\"@id\":\"https:\/\/cnz.to\/vf\/liens\/#breadcrumb\",\"itemListElement\":[{\"@type\":\"ListItem\",\"position\":1,\"name\":\"Home\",\"item\":\"https:\/\/cnz.to\/vf\/\"},{\"@type\":\"ListItem\",\"position\":2,\"name\":\"Liens pr\u00e9f\u00e9r\u00e9s\"}]},{\"@type\":\"WebSite\",\"@id\":\"https:\/\/cnz.to\/vf\/#website\",\"url\":\"https:\/\/cnz.to\/vf\/\",\"name\":\"Chocolate &amp; Zucchini\",\"description\":\"Recettes simples et astucieuses au fil des saisons\",\"potentialAction\":[{\"@type\":\"SearchAction\",\"target\":{\"@type\":\"EntryPoint\",\"urlTemplate\":\"https:\/\/cnz.to\/vf\/?s={search_term_string}\"},\"query-input\":\"required name=search_term_string\"}],\"inLanguage\":\"fr-FR\"}]}<\/script>\n<!-- \/ Yoast SEO plugin. -->","yoast_head_json":{"title":"Liens pr\u00e9f\u00e9r\u00e9s | Chocolate &amp; Zucchini","description":"Si vous aimez lire Chocolate & Zucchini, vous allez adorer cette liste qui r\u00e9pertorie les liens pr\u00e9f\u00e9r\u00e9s de Clotilde Dusoulier : sites, blogs et podcasts !","robots":{"index":"index","follow":"follow","max-snippet":"max-snippet:-1","max-image-preview":"max-image-preview:large","max-video-preview":"max-video-preview:-1"},"canonical":"https:\/\/cnz.to\/vf\/liens\/","og_locale":"fr_FR","og_type":"article","og_title":"Liens pr\u00e9f\u00e9r\u00e9s | Chocolate &amp; Zucchini","og_description":"Si vous aimez lire Chocolate & Zucchini, vous allez adorer cette liste qui r\u00e9pertorie les liens pr\u00e9f\u00e9r\u00e9s de Clotilde Dusoulier : sites, blogs et podcasts !","og_url":"https:\/\/cnz.to\/vf\/liens\/","og_site_name":"Chocolate &amp; Zucchini","article_publisher":"https:\/\/www.facebook.com\/choczuc\/","article_modified_time":"2016-03-30T12:21:59+00:00","og_image":[{"width":427,"height":640,"url":"https:\/\/cnz.to\/vf\/wp-content\/uploads\/2015\/11\/brocoli.jpg","type":"image\/jpeg"}],"twitter_card":"summary_large_image","twitter_site":"@clotildenet","twitter_misc":{"Est. reading time":"1 minute"},"schema":{"@context":"https:\/\/schema.org","@graph":[{"@type":"WebPage","@id":"https:\/\/cnz.to\/vf\/liens\/","url":"https:\/\/cnz.to\/vf\/liens\/","name":"Liens pr\u00e9f\u00e9r\u00e9s | Chocolate &amp; Zucchini","isPartOf":{"@id":"https:\/\/cnz.to\/vf\/#website"},"datePublished":"2013-10-24T20:45:56+00:00","dateModified":"2016-03-30T12:21:59+00:00","description":"Si vous aimez lire Chocolate & Zucchini, vous allez adorer cette liste qui r\u00e9pertorie les liens pr\u00e9f\u00e9r\u00e9s de Clotilde Dusoulier : sites, blogs et podcasts !","breadcrumb":{"@id":"https:\/\/cnz.to\/vf\/liens\/#breadcrumb"},"inLanguage":"fr-FR","potentialAction":[{"@type":"ReadAction","target":["https:\/\/cnz.to\/vf\/liens\/"]}]},{"@type":"BreadcrumbList","@id":"https:\/\/cnz.to\/vf\/liens\/#breadcrumb","itemListElement":[{"@type":"ListItem","position":1,"name":"Home","item":"https:\/\/cnz.to\/vf\/"},{"@type":"ListItem","position":2,"name":"Liens pr\u00e9f\u00e9r\u00e9s"}]},{"@type":"WebSite","@id":"https:\/\/cnz.to\/vf\/#website","url":"https:\/\/cnz.to\/vf\/","name":"Chocolate &amp; Zucchini","description":"Recettes simples et astucieuses au fil des saisons","potentialAction":[{"@type":"SearchAction","target":{"@type":"EntryPoint","urlTemplate":"https:\/\/cnz.to\/vf\/?s={search_term_string}"},"query-input":"required name=search_term_string"}],"inLanguage":"fr-FR"}]}},"_links":{"self":[{"href":"https:\/\/cnz.to\/vf\/wp-json\/wp\/v2\/pages\/3281"}],"collection":[{"href":"https:\/\/cnz.to\/vf\/wp-json\/wp\/v2\/pages"}],"about":[{"href":"https:\/\/cnz.to\/vf\/wp-json\/wp\/v2\/types\/page"}],"author":[{"embeddable":true,"href":"https:\/\/cnz.to\/vf\/wp-json\/wp\/v2\/users\/1"}],"replies":[{"embeddable":true,"href":"https:\/\/cnz.to\/vf\/wp-json\/wp\/v2\/comments?post=3281"}],"version-history":[{"count":13,"href":"https:\/\/cnz.to\/vf\/wp-json\/wp\/v2\/pages\/3281\/revisions"}],"predecessor-version":[{"id":8003,"href":"https:\/\/cnz.to\/vf\/wp-json\/wp\/v2\/pages\/3281\/revisions\/8003"}],"wp:attachment":[{"href":"https:\/\/cnz.to\/vf\/wp-json\/wp\/v2\/media?parent=3281"}],"curies":[{"name":"wp","href":"https:\/\/api.w.org\/{rel}","templated":true}]}}