{"id":16,"date":"2013-09-30T02:52:21","date_gmt":"2013-09-30T02:52:21","guid":{"rendered":"https:\/\/cnz.to\/vf\/?page_id=16"},"modified":"2015-11-23T14:55:11","modified_gmt":"2015-11-23T13:55:11","slug":"recettes-par-ingredient","status":"publish","type":"page","link":"https:\/\/cnz.to\/vf\/recettes-par-ingredient\/","title":{"rendered":"Recettes par ingr\u00e9dient"},"content":{"rendered":"<p><i>Recettes en cours d&rsquo;indexation. Merci de votre patience !<\/i><\/p>\n","protected":false},"excerpt":{"rendered":"<p>Recettes en cours d&rsquo;indexation. Merci de votre patience !<\/p>\n","protected":false},"author":1,"featured_media":0,"parent":0,"menu_order":0,"comment_status":"open","ping_status":"open","template":"pt-recipes-by-ing.php","meta":{"om_disable_all_campaigns":false,"_mi_skip_tracking":false},"acf":[],"yoast_head":"<!-- This site is optimized with the Yoast SEO plugin v19.10 - https:\/\/yoast.com\/wordpress\/plugins\/seo\/ -->\n<title>Recettes par ingr\u00e9dient | Chocolate &amp; Zucchini<\/title>\n<meta name=\"description\" content=\"Pour d\u00e9couvrir les nombreuses recettes de Chocolate &amp; Zucchini, utilisez cet index de recettes par ingr\u00e9dient, visuel et pratique.\" \/>\n<meta name=\"robots\" content=\"index, follow, max-snippet:-1, max-image-preview:large, max-video-preview:-1\" \/>\n<link rel=\"canonical\" href=\"https:\/\/cnz.to\/vf\/recettes-par-ingredient\/\" \/>\n<meta property=\"og:locale\" content=\"fr_FR\" \/>\n<meta property=\"og:type\" content=\"article\" \/>\n<meta property=\"og:title\" content=\"Recettes par ingr\u00e9dient | Chocolate &amp; Zucchini\" \/>\n<meta property=\"og:description\" content=\"Pour d\u00e9couvrir les nombreuses recettes de Chocolate &amp; Zucchini, utilisez cet index de recettes par ingr\u00e9dient, visuel et pratique.\" \/>\n<meta property=\"og:url\" content=\"https:\/\/cnz.to\/vf\/recettes-par-ingredient\/\" \/>\n<meta property=\"og:site_name\" content=\"Chocolate &amp; Zucchini\" \/>\n<meta property=\"article:publisher\" content=\"https:\/\/www.facebook.com\/choczuc\/\" \/>\n<meta property=\"article:modified_time\" content=\"2015-11-23T13:55:11+00:00\" \/>\n<meta property=\"og:image\" content=\"https:\/\/cnz.to\/vf\/wp-content\/uploads\/2015\/11\/brocoli.jpg\" \/>\n\t<meta property=\"og:image:width\" content=\"427\" \/>\n\t<meta property=\"og:image:height\" content=\"640\" \/>\n\t<meta property=\"og:image:type\" content=\"image\/jpeg\" \/>\n<meta name=\"twitter:card\" content=\"summary_large_image\" \/>\n<meta name=\"twitter:site\" content=\"@clotildenet\" \/>\n<script type=\"application\/ld+json\" class=\"yoast-schema-graph\">{\"@context\":\"https:\/\/schema.org\",\"@graph\":[{\"@type\":\"WebPage\",\"@id\":\"https:\/\/cnz.to\/vf\/recettes-par-ingredient\/\",\"url\":\"https:\/\/cnz.to\/vf\/recettes-par-ingredient\/\",\"name\":\"Recettes par ingr\u00e9dient | Chocolate &amp; Zucchini\",\"isPartOf\":{\"@id\":\"https:\/\/cnz.to\/vf\/#website\"},\"datePublished\":\"2013-09-30T02:52:21+00:00\",\"dateModified\":\"2015-11-23T13:55:11+00:00\",\"description\":\"Pour d\u00e9couvrir les nombreuses recettes de Chocolate & Zucchini, utilisez cet index de recettes par ingr\u00e9dient, visuel et pratique.\",\"breadcrumb\":{\"@id\":\"https:\/\/cnz.to\/vf\/recettes-par-ingredient\/#breadcrumb\"},\"inLanguage\":\"fr-FR\",\"potentialAction\":[{\"@type\":\"ReadAction\",\"target\":[\"https:\/\/cnz.to\/vf\/recettes-par-ingredient\/\"]}]},{\"@type\":\"BreadcrumbList\",\"@id\":\"https:\/\/cnz.to\/vf\/recettes-par-ingredient\/#breadcrumb\",\"itemListElement\":[{\"@type\":\"ListItem\",\"position\":1,\"name\":\"Home\",\"item\":\"https:\/\/cnz.to\/vf\/\"},{\"@type\":\"ListItem\",\"position\":2,\"name\":\"Recettes par ingr\u00e9dient\"}]},{\"@type\":\"WebSite\",\"@id\":\"https:\/\/cnz.to\/vf\/#website\",\"url\":\"https:\/\/cnz.to\/vf\/\",\"name\":\"Chocolate &amp; Zucchini\",\"description\":\"Recettes simples et astucieuses au fil des saisons\",\"potentialAction\":[{\"@type\":\"SearchAction\",\"target\":{\"@type\":\"EntryPoint\",\"urlTemplate\":\"https:\/\/cnz.to\/vf\/?s={search_term_string}\"},\"query-input\":\"required name=search_term_string\"}],\"inLanguage\":\"fr-FR\"}]}<\/script>\n<!-- \/ Yoast SEO plugin. -->","yoast_head_json":{"title":"Recettes par ingr\u00e9dient | Chocolate &amp; Zucchini","description":"Pour d\u00e9couvrir les nombreuses recettes de Chocolate & Zucchini, utilisez cet index de recettes par ingr\u00e9dient, visuel et pratique.","robots":{"index":"index","follow":"follow","max-snippet":"max-snippet:-1","max-image-preview":"max-image-preview:large","max-video-preview":"max-video-preview:-1"},"canonical":"https:\/\/cnz.to\/vf\/recettes-par-ingredient\/","og_locale":"fr_FR","og_type":"article","og_title":"Recettes par ingr\u00e9dient | Chocolate &amp; Zucchini","og_description":"Pour d\u00e9couvrir les nombreuses recettes de Chocolate & Zucchini, utilisez cet index de recettes par ingr\u00e9dient, visuel et pratique.","og_url":"https:\/\/cnz.to\/vf\/recettes-par-ingredient\/","og_site_name":"Chocolate &amp; Zucchini","article_publisher":"https:\/\/www.facebook.com\/choczuc\/","article_modified_time":"2015-11-23T13:55:11+00:00","og_image":[{"width":427,"height":640,"url":"https:\/\/cnz.to\/vf\/wp-content\/uploads\/2015\/11\/brocoli.jpg","type":"image\/jpeg"}],"twitter_card":"summary_large_image","twitter_site":"@clotildenet","schema":{"@context":"https:\/\/schema.org","@graph":[{"@type":"WebPage","@id":"https:\/\/cnz.to\/vf\/recettes-par-ingredient\/","url":"https:\/\/cnz.to\/vf\/recettes-par-ingredient\/","name":"Recettes par ingr\u00e9dient | Chocolate &amp; Zucchini","isPartOf":{"@id":"https:\/\/cnz.to\/vf\/#website"},"datePublished":"2013-09-30T02:52:21+00:00","dateModified":"2015-11-23T13:55:11+00:00","description":"Pour d\u00e9couvrir les nombreuses recettes de Chocolate & Zucchini, utilisez cet index de recettes par ingr\u00e9dient, visuel et pratique.","breadcrumb":{"@id":"https:\/\/cnz.to\/vf\/recettes-par-ingredient\/#breadcrumb"},"inLanguage":"fr-FR","potentialAction":[{"@type":"ReadAction","target":["https:\/\/cnz.to\/vf\/recettes-par-ingredient\/"]}]},{"@type":"BreadcrumbList","@id":"https:\/\/cnz.to\/vf\/recettes-par-ingredient\/#breadcrumb","itemListElement":[{"@type":"ListItem","position":1,"name":"Home","item":"https:\/\/cnz.to\/vf\/"},{"@type":"ListItem","position":2,"name":"Recettes par ingr\u00e9dient"}]},{"@type":"WebSite","@id":"https:\/\/cnz.to\/vf\/#website","url":"https:\/\/cnz.to\/vf\/","name":"Chocolate &amp; Zucchini","description":"Recettes simples et astucieuses au fil des saisons","potentialAction":[{"@type":"SearchAction","target":{"@type":"EntryPoint","urlTemplate":"https:\/\/cnz.to\/vf\/?s={search_term_string}"},"query-input":"required name=search_term_string"}],"inLanguage":"fr-FR"}]}},"_links":{"self":[{"href":"https:\/\/cnz.to\/vf\/wp-json\/wp\/v2\/pages\/16"}],"collection":[{"href":"https:\/\/cnz.to\/vf\/wp-json\/wp\/v2\/pages"}],"about":[{"href":"https:\/\/cnz.to\/vf\/wp-json\/wp\/v2\/types\/page"}],"author":[{"embeddable":true,"href":"https:\/\/cnz.to\/vf\/wp-json\/wp\/v2\/users\/1"}],"replies":[{"embeddable":true,"href":"https:\/\/cnz.to\/vf\/wp-json\/wp\/v2\/comments?post=16"}],"version-history":[{"count":4,"href":"https:\/\/cnz.to\/vf\/wp-json\/wp\/v2\/pages\/16\/revisions"}],"predecessor-version":[{"id":4316,"href":"https:\/\/cnz.to\/vf\/wp-json\/wp\/v2\/pages\/16\/revisions\/4316"}],"wp:attachment":[{"href":"https:\/\/cnz.to\/vf\/wp-json\/wp\/v2\/media?parent=16"}],"curies":[{"name":"wp","href":"https:\/\/api.w.org\/{rel}","templated":true}]}}