{"id":148,"date":"2013-10-07T22:32:08","date_gmt":"2013-10-07T20:32:08","guid":{"rendered":"https:\/\/cnz.to\/vf\/?page_id=148"},"modified":"2015-11-23T14:47:13","modified_gmt":"2015-11-23T13:47:13","slug":"ex-libris-dedicaces","status":"publish","type":"page","link":"https:\/\/cnz.to\/vf\/ex-libris-dedicaces\/","title":{"rendered":"Ex-libris d\u00e9dicac\u00e9s"},"content":{"rendered":"<p>Aimeriez-vous faire signer vos livres, <b>pour vous-m\u00eame<\/b> ou pour faire un <b>cadeau personnalis\u00e9<\/b> ?<\/p>\n<h3>Recevez 5 ex-libris d\u00e9dicac\u00e9s pour 1&euro; (France m\u00e9tropolitaine)<\/h3>\n<p>Si vous ne pouvez pas vous rendre \u00e0 l&rsquo;une de mes <a href=\"https:\/\/cnz.to\/books\/bookevents.php\" target=\"_self\">signatures<\/a>, vous pouvez me commander des ex-libris d\u00e9dicac\u00e9s : ce sont de simples autocollants que je signerai pour la ou les personnes de votre choix, que je vous enverrai par la Poste, et que vous pourrez placer \u00e0 l&rsquo;int\u00e9rieur des livres.<\/p>\n<p>Pour commander, cliquez sur le bouton <b>Acheter<\/b> ci-dessous pour payer <b>1&euro;<\/b> par Paypal. (Note : ce montant couvre les frais de port et la commission Paypal. Je ne gagne rien sur ce service.)<\/p>\n<form action=\"https:\/\/www.paypal.com\/cgi-bin\/webscr\" method=\"post\" target=\"_top\" style=\"padding:0 0 15px 0;\"><input type=\"hidden\" name=\"cmd\" value=\"_s-xclick\"><input type=\"hidden\" name=\"hosted_button_id\" value=\"GCNVG752HPRQY\"><input type=\"image\" src=\"https:\/\/www.paypalobjects.com\/fr_FR\/FR\/i\/btn\/btn_buynow_LG.gif\" border=\"0\" name=\"submit\" alt=\"PayPal - la solution de paiement en ligne la plus simple et la plus s\u00e9curis\u00e9e !\"><br \/>\n<img loading=\"lazy\" alt=\"\" border=\"0\" src=\"https:\/\/www.paypalobjects.com\/fr_FR\/i\/scr\/pixel.gif\" width=\"1\" height=\"1\"><br \/>\n<\/form>\n<p>Attention : Ce tarif est valable pour une adresse en <b>France m\u00e9tropolitaine<\/b> uniquement. Pour un envoi \u00e0 l&rsquo;international, veuillez utiliser <a href=\"https:\/\/cnz.to\/signed-bookplates\/\">ce formulaire<\/a>.<\/p>\n<p><B>NOTE:<\/B> Une fois que vous serez sur le formulaire de paiement Paypal, n&rsquo;oubliez pas de cliquer sur le lien <b>Listez jusqu&rsquo;\u00e0 cinq destinataires : Ajouter<\/b> (voir copie d&rsquo;\u00e9cran ci-dessous) pour m&rsquo;indiquer \u00e0 qui vous souhaitez que je d\u00e9dicace les ex-libris, et si vous voulez que je mentionne un d\u00e9tail particulier (anniversaire, No\u00ebl, etc.). Si vous indiquez moins de cinq noms, je compl\u00e8terai avec des ex-libris sign\u00e9s sans destinataire, que vous pourrez utiliser \u00e0 une prochaine occasion.<\/p>\n<p><img loading=\"lazy\" src=\"https:\/\/cnz.to\/vf\/wp-content\/uploads\/2013\/10\/paypal_screencap_fr.jpg\" alt=\"Ajouter des destinataires\" width=\"760\" height=\"283\" style=\"width:100%\" class=\"alignnone size-full wp-image-4265\" srcset=\"https:\/\/cnz.to\/vf\/wp-content\/uploads\/2013\/10\/paypal_screencap_fr.jpg 760w, https:\/\/cnz.to\/vf\/wp-content\/uploads\/2013\/10\/paypal_screencap_fr-300x111.jpg 300w\" sizes=\"(max-width: 760px) 100vw, 760px\" \/><\/p>\n<p>Les ex-libris sont des autocollants de 7,5 par 11 cm. Je les enverrai au tarif lettre verte depuis Paris \u00e0 l&rsquo;adresse sp\u00e9cifi\u00e9e sur Paypal, en France m\u00e9tropolitaine uniquement. (Pour un envoi \u00e0 l&rsquo;international, veuillez utiliser <a href=\"https:\/\/cnz.to\/signed-bookplates\/\">ce formulaire<\/a>.)<\/p>\n<p>N&rsquo;h\u00e9sitez pas \u00e0 <a href=\"https:\/\/cnz.to\/vf\/contact\/\">me contacter<\/a> pour toute question!<\/p>\n<form action=\"https:\/\/www.paypal.com\/cgi-bin\/webscr\" method=\"post\" target=\"_top\" style=\"padding:0 0 15px 0;\"><input type=\"hidden\" name=\"cmd\" value=\"_s-xclick\"><input type=\"hidden\" name=\"hosted_button_id\" value=\"GCNVG752HPRQY\"><input type=\"image\" src=\"https:\/\/www.paypalobjects.com\/fr_FR\/FR\/i\/btn\/btn_buynow_LG.gif\" border=\"0\" name=\"submit\" alt=\"PayPal - la solution de paiement en ligne la plus simple et la plus s\u00e9curis\u00e9e !\"><br \/>\n<img loading=\"lazy\" alt=\"\" border=\"0\" src=\"https:\/\/www.paypalobjects.com\/fr_FR\/i\/scr\/pixel.gif\" width=\"1\" height=\"1\"><br \/>\n<\/form>\n","protected":false},"excerpt":{"rendered":"<p>Aimeriez-vous faire signer vos livres, pour vous-m\u00eame ou pour faire un cadeau personnalis\u00e9 ? Recevez 5 ex-libris d\u00e9dicac\u00e9s pour 1&euro; [&hellip;]<\/p>\n","protected":false},"author":1,"featured_media":0,"parent":0,"menu_order":0,"comment_status":"open","ping_status":"open","template":"","meta":{"om_disable_all_campaigns":false,"_mi_skip_tracking":false},"acf":[],"yoast_head":"<!-- This site is optimized with the Yoast SEO plugin v19.10 - https:\/\/yoast.com\/wordpress\/plugins\/seo\/ -->\n<title>Ex-libris d\u00e9dicac\u00e9s | Chocolate &amp; Zucchini<\/title>\n<meta name=\"description\" content=\"Commandez des ex libris d\u00e9dicac\u00e9s pour personnaliser vos livres pr\u00e9f\u00e9r\u00e9s ! Clotilde Dusoulier, auteur de Veggivore, vous en exp\u00e9die 5 pour 1\u20ac.\" \/>\n<meta name=\"robots\" content=\"index, follow, max-snippet:-1, max-image-preview:large, max-video-preview:-1\" \/>\n<link rel=\"canonical\" href=\"https:\/\/cnz.to\/vf\/ex-libris-dedicaces\/\" \/>\n<meta property=\"og:locale\" content=\"fr_FR\" \/>\n<meta property=\"og:type\" content=\"article\" \/>\n<meta property=\"og:title\" content=\"Ex-libris d\u00e9dicac\u00e9s | Chocolate &amp; Zucchini\" \/>\n<meta property=\"og:description\" content=\"Commandez des ex libris d\u00e9dicac\u00e9s pour personnaliser vos livres pr\u00e9f\u00e9r\u00e9s ! Clotilde Dusoulier, auteur de Veggivore, vous en exp\u00e9die 5 pour 1\u20ac.\" \/>\n<meta property=\"og:url\" content=\"https:\/\/cnz.to\/vf\/ex-libris-dedicaces\/\" \/>\n<meta property=\"og:site_name\" content=\"Chocolate &amp; Zucchini\" \/>\n<meta property=\"article:publisher\" content=\"https:\/\/www.facebook.com\/choczuc\/\" \/>\n<meta property=\"article:modified_time\" content=\"2015-11-23T13:47:13+00:00\" \/>\n<meta property=\"og:image\" content=\"https:\/\/www.paypalobjects.com\/fr_FR\/i\/scr\/pixel.gif\" \/>\n<meta name=\"twitter:card\" content=\"summary_large_image\" \/>\n<meta name=\"twitter:site\" content=\"@clotildenet\" \/>\n<meta name=\"twitter:label1\" content=\"Est. reading time\" \/>\n\t<meta name=\"twitter:data1\" content=\"1 minute\" \/>\n<script type=\"application\/ld+json\" class=\"yoast-schema-graph\">{\"@context\":\"https:\/\/schema.org\",\"@graph\":[{\"@type\":\"WebPage\",\"@id\":\"https:\/\/cnz.to\/vf\/ex-libris-dedicaces\/\",\"url\":\"https:\/\/cnz.to\/vf\/ex-libris-dedicaces\/\",\"name\":\"Ex-libris d\u00e9dicac\u00e9s | Chocolate &amp; Zucchini\",\"isPartOf\":{\"@id\":\"https:\/\/cnz.to\/vf\/#website\"},\"datePublished\":\"2013-10-07T20:32:08+00:00\",\"dateModified\":\"2015-11-23T13:47:13+00:00\",\"description\":\"Commandez des ex libris d\u00e9dicac\u00e9s pour personnaliser vos livres pr\u00e9f\u00e9r\u00e9s ! Clotilde Dusoulier, auteur de Veggivore, vous en exp\u00e9die 5 pour 1\u20ac.\",\"breadcrumb\":{\"@id\":\"https:\/\/cnz.to\/vf\/ex-libris-dedicaces\/#breadcrumb\"},\"inLanguage\":\"fr-FR\",\"potentialAction\":[{\"@type\":\"ReadAction\",\"target\":[\"https:\/\/cnz.to\/vf\/ex-libris-dedicaces\/\"]}]},{\"@type\":\"BreadcrumbList\",\"@id\":\"https:\/\/cnz.to\/vf\/ex-libris-dedicaces\/#breadcrumb\",\"itemListElement\":[{\"@type\":\"ListItem\",\"position\":1,\"name\":\"Home\",\"item\":\"https:\/\/cnz.to\/vf\/\"},{\"@type\":\"ListItem\",\"position\":2,\"name\":\"Ex-libris d\u00e9dicac\u00e9s\"}]},{\"@type\":\"WebSite\",\"@id\":\"https:\/\/cnz.to\/vf\/#website\",\"url\":\"https:\/\/cnz.to\/vf\/\",\"name\":\"Chocolate &amp; Zucchini\",\"description\":\"Recettes simples et astucieuses au fil des saisons\",\"potentialAction\":[{\"@type\":\"SearchAction\",\"target\":{\"@type\":\"EntryPoint\",\"urlTemplate\":\"https:\/\/cnz.to\/vf\/?s={search_term_string}\"},\"query-input\":\"required name=search_term_string\"}],\"inLanguage\":\"fr-FR\"}]}<\/script>\n<!-- \/ Yoast SEO plugin. -->","yoast_head_json":{"title":"Ex-libris d\u00e9dicac\u00e9s | Chocolate &amp; Zucchini","description":"Commandez des ex libris d\u00e9dicac\u00e9s pour personnaliser vos livres pr\u00e9f\u00e9r\u00e9s ! Clotilde Dusoulier, auteur de Veggivore, vous en exp\u00e9die 5 pour 1\u20ac.","robots":{"index":"index","follow":"follow","max-snippet":"max-snippet:-1","max-image-preview":"max-image-preview:large","max-video-preview":"max-video-preview:-1"},"canonical":"https:\/\/cnz.to\/vf\/ex-libris-dedicaces\/","og_locale":"fr_FR","og_type":"article","og_title":"Ex-libris d\u00e9dicac\u00e9s | Chocolate &amp; Zucchini","og_description":"Commandez des ex libris d\u00e9dicac\u00e9s pour personnaliser vos livres pr\u00e9f\u00e9r\u00e9s ! Clotilde Dusoulier, auteur de Veggivore, vous en exp\u00e9die 5 pour 1\u20ac.","og_url":"https:\/\/cnz.to\/vf\/ex-libris-dedicaces\/","og_site_name":"Chocolate &amp; Zucchini","article_publisher":"https:\/\/www.facebook.com\/choczuc\/","article_modified_time":"2015-11-23T13:47:13+00:00","og_image":[{"url":"https:\/\/www.paypalobjects.com\/fr_FR\/i\/scr\/pixel.gif"}],"twitter_card":"summary_large_image","twitter_site":"@clotildenet","twitter_misc":{"Est. reading time":"1 minute"},"schema":{"@context":"https:\/\/schema.org","@graph":[{"@type":"WebPage","@id":"https:\/\/cnz.to\/vf\/ex-libris-dedicaces\/","url":"https:\/\/cnz.to\/vf\/ex-libris-dedicaces\/","name":"Ex-libris d\u00e9dicac\u00e9s | Chocolate &amp; Zucchini","isPartOf":{"@id":"https:\/\/cnz.to\/vf\/#website"},"datePublished":"2013-10-07T20:32:08+00:00","dateModified":"2015-11-23T13:47:13+00:00","description":"Commandez des ex libris d\u00e9dicac\u00e9s pour personnaliser vos livres pr\u00e9f\u00e9r\u00e9s ! Clotilde Dusoulier, auteur de Veggivore, vous en exp\u00e9die 5 pour 1\u20ac.","breadcrumb":{"@id":"https:\/\/cnz.to\/vf\/ex-libris-dedicaces\/#breadcrumb"},"inLanguage":"fr-FR","potentialAction":[{"@type":"ReadAction","target":["https:\/\/cnz.to\/vf\/ex-libris-dedicaces\/"]}]},{"@type":"BreadcrumbList","@id":"https:\/\/cnz.to\/vf\/ex-libris-dedicaces\/#breadcrumb","itemListElement":[{"@type":"ListItem","position":1,"name":"Home","item":"https:\/\/cnz.to\/vf\/"},{"@type":"ListItem","position":2,"name":"Ex-libris d\u00e9dicac\u00e9s"}]},{"@type":"WebSite","@id":"https:\/\/cnz.to\/vf\/#website","url":"https:\/\/cnz.to\/vf\/","name":"Chocolate &amp; Zucchini","description":"Recettes simples et astucieuses au fil des saisons","potentialAction":[{"@type":"SearchAction","target":{"@type":"EntryPoint","urlTemplate":"https:\/\/cnz.to\/vf\/?s={search_term_string}"},"query-input":"required name=search_term_string"}],"inLanguage":"fr-FR"}]}},"_links":{"self":[{"href":"https:\/\/cnz.to\/vf\/wp-json\/wp\/v2\/pages\/148"}],"collection":[{"href":"https:\/\/cnz.to\/vf\/wp-json\/wp\/v2\/pages"}],"about":[{"href":"https:\/\/cnz.to\/vf\/wp-json\/wp\/v2\/types\/page"}],"author":[{"embeddable":true,"href":"https:\/\/cnz.to\/vf\/wp-json\/wp\/v2\/users\/1"}],"replies":[{"embeddable":true,"href":"https:\/\/cnz.to\/vf\/wp-json\/wp\/v2\/comments?post=148"}],"version-history":[{"count":15,"href":"https:\/\/cnz.to\/vf\/wp-json\/wp\/v2\/pages\/148\/revisions"}],"predecessor-version":[{"id":5420,"href":"https:\/\/cnz.to\/vf\/wp-json\/wp\/v2\/pages\/148\/revisions\/5420"}],"wp:attachment":[{"href":"https:\/\/cnz.to\/vf\/wp-json\/wp\/v2\/media?parent=148"}],"curies":[{"name":"wp","href":"https:\/\/api.w.org\/{rel}","templated":true}]}}